{"id":19961,"date":"2021-12-15T15:07:31","date_gmt":"2021-12-15T15:07:31","guid":{"rendered":"https:\/\/www.analysis.ms\/?page_id=19961"},"modified":"2024-05-22T10:42:13","modified_gmt":"2024-05-22T10:42:13","slug":"turnkey-reports-overview","status":"publish","type":"page","link":"https:\/\/www.analysis.ms\/fr\/turnkey-reports-overview\/","title":{"rendered":"Turnkey Reports &#8211; Overview"},"content":{"rendered":"<p><div class=\"fusion-fullwidth fullwidth-box fusion-builder-row-1 nonhundred-percent-fullwidth non-hundred-percent-height-scrolling\" style=\"--awb-border-radius-top-left:0px;--awb-border-radius-top-right:0px;--awb-border-radius-bottom-right:0px;--awb-border-radius-bottom-left:0px;--awb-padding-top:51px;--awb-margin-bottom:0px;--awb-flex-wrap:wrap;\" ><div class=\"fusion-builder-row fusion-row\"><div class=\"fusion-layout-column fusion_builder_column fusion-builder-column-0 fusion_builder_column_2_3 2_3 fusion-two-third fusion-column-first\" style=\"--awb-bg-size:cover;--awb-margin-bottom:50px;width:66.666666666667%;width:calc(66.666666666667% - ( ( 4% ) * 0.66666666666667 ) );margin-right: 4%;\"><div class=\"fusion-column-wrapper fusion-column-has-shadow fusion-flex-column-wrapper-legacy\"><div class=\"fusion-title title fusion-title-1 fusion-sep-none fusion-title-text fusion-title-size-one\" style=\"--awb-margin-top:120px;--awb-margin-top-small:0px;--awb-margin-right-small:0px;--awb-margin-bottom-small:0px;--awb-margin-left-small:0px;\"><h1 class=\"fusion-title-heading title-heading-left fusion-responsive-typography-calculated\" style=\"margin:0;--fontSize:65;line-height:1.16;\">Rapports Cl\u00e9s en main<\/h1><\/div><div class=\"fusion-title title fusion-title-2 fusion-sep-none fusion-title-text fusion-title-size-three\" style=\"--awb-margin-top:10px;--awb-margin-top-small:0px;--awb-margin-right-small:0px;--awb-margin-bottom-small:0px;--awb-margin-left-small:0px;--awb-font-size:30px;\"><h3 class=\"fusion-title-heading title-heading-left fusion-responsive-typography-calculated\" style=\"margin:0;font-size:1em;--fontSize:30;line-height:1.3;\">Des \u00e9tudes et analyses disponibles imm\u00e9diatement<\/h3><\/div><div class=\"fusion-text fusion-text-1\" style=\"--awb-font-size:20px;--awb-text-transform:none;--awb-margin-top:50px;\"><p>Kantar a d\u00e9velopp\u00e9 des rapports cl\u00e9s en main, publi\u00e9s r\u00e9guli\u00e8rement selon un calendrier annuel. Ces \u00e9tudes et indicateurs concernent diff\u00e9rentes cat\u00e9gories de produits et services ainsi que des th\u00e8mes soci\u00e9taux d&rsquo;actualit\u00e9. L&rsquo;objectif est de faire gagner du temps aux entreprises dans leurs d\u00e9cisions tout en leur offrant des r\u00e9ponses pertinentes et de qualit\u00e9.<\/p>\n<\/div><div class=\"fusion-clearfix\"><\/div><\/div><\/div><\/div><\/div><div class=\"fusion-fullwidth fullwidth-box fusion-builder-row-2 fusion-flex-container nonhundred-percent-fullwidth non-hundred-percent-height-scrolling\" style=\"--awb-border-radius-top-left:0px;--awb-border-radius-top-right:0px;--awb-border-radius-bottom-right:0px;--awb-border-radius-bottom-left:0px;--awb-flex-wrap:wrap;\" ><div class=\"fusion-builder-row fusion-row fusion-flex-align-items-flex-start fusion-flex-content-wrap\" style=\"max-width:1248px;margin-left: calc(-4% \/ 2 );margin-right: calc(-4% \/ 2 );\"><div class=\"fusion-layout-column fusion_builder_column fusion-builder-column-1 fusion_builder_column_1_3 1_3 fusion-flex-column fusion-flex-align-self-stretch\" style=\"--awb-bg-size:cover;--awb-width-large:33.333333333333%;--awb-margin-top-large:0px;--awb-spacing-right-large:5.76%;--awb-margin-bottom-large:20px;--awb-spacing-left-large:5.76%;--awb-width-medium:100%;--awb-order-medium:0;--awb-spacing-right-medium:1.92%;--awb-spacing-left-medium:1.92%;--awb-width-small:100%;--awb-order-small:0;--awb-spacing-right-small:1.92%;--awb-spacing-left-small:1.92%;\"><div class=\"fusion-column-wrapper fusion-column-has-shadow fusion-flex-justify-content-space-between fusion-content-layout-column\"><div class=\"fusion-image-element \" style=\"--awb-caption-title-font-family:var(--h2_typography-font-family);--awb-caption-title-font-weight:var(--h2_typography-font-weight);--awb-caption-title-font-style:var(--h2_typography-font-style);--awb-caption-title-size:var(--h2_typography-font-size);--awb-caption-title-transform:var(--h2_typography-text-transform);--awb-caption-title-line-height:var(--h2_typography-line-height);--awb-caption-title-letter-spacing:var(--h2_typography-letter-spacing);\"><span class=\" fusion-imageframe imageframe-none imageframe-1 hover-type-none\"><img decoding=\"async\" width=\"600\" height=\"400\" title=\"GettyImages-513550806_600\" data-src=\"https:\/\/www.analysis.ms\/wp-content\/uploads\/2021\/11\/GettyImages-513550806_600.jpg\" alt class=\"img-responsive wp-image-18535 lazyload\" data-srcset=\"https:\/\/www.analysis.ms\/wp-content\/uploads\/2021\/11\/GettyImages-513550806_600-200x133.jpg 200w, https:\/\/www.analysis.ms\/wp-content\/uploads\/2021\/11\/GettyImages-513550806_600-400x267.jpg 400w, https:\/\/www.analysis.ms\/wp-content\/uploads\/2021\/11\/GettyImages-513550806_600.jpg 600w\" data-sizes=\"(max-width: 1024px) 100vw, (max-width: 640px) 100vw, 400px\" src=\"data:image\/svg+xml;base64,PHN2ZyB3aWR0aD0iMSIgaGVpZ2h0PSIxIiB4bWxucz0iaHR0cDovL3d3dy53My5vcmcvMjAwMC9zdmciPjwvc3ZnPg==\" style=\"--smush-placeholder-width: 600px; --smush-placeholder-aspect-ratio: 600\/400;\" \/><\/span><\/div><div class=\"fusion-title title fusion-title-3 fusion-sep-none fusion-title-center fusion-title-text fusion-title-size-three\" style=\"--awb-margin-top:10px;--awb-margin-bottom:10px;--awb-margin-top-small:0px;--awb-margin-right-small:0px;--awb-margin-bottom-small:0px;--awb-margin-left-small:0px;\"><h3 class=\"fusion-title-heading title-heading-center fusion-responsive-typography-calculated\" style=\"margin:0;--fontSize:32;line-height:1.3;\">Audits d\u2019Image et de Notori\u00e9t\u00e9 dans plusieurs secteurs<\/h3><\/div><div style=\"text-align:center;\"><a class=\"fusion-button button-flat fusion-button-default-size button-default fusion-button-default button-1 fusion-button-default-span fusion-button-default-type\" style=\"--button_margin-top:20px;\" target=\"_self\" href=\"https:\/\/www.analysis.ms\/fr\/rapports-cles-en-main-audit-dimage-et-de-notoriete\/\"><span class=\"fusion-button-text awb-button__text awb-button__text--default\">En Savoir Plus<\/span><\/a><\/div><\/div><\/div><div class=\"fusion-layout-column fusion_builder_column fusion-builder-column-2 fusion_builder_column_1_3 1_3 fusion-flex-column fusion-flex-align-self-stretch\" style=\"--awb-bg-size:cover;--awb-width-large:33.333333333333%;--awb-margin-top-large:0px;--awb-spacing-right-large:5.76%;--awb-margin-bottom-large:20px;--awb-spacing-left-large:5.76%;--awb-width-medium:100%;--awb-order-medium:0;--awb-spacing-right-medium:1.92%;--awb-spacing-left-medium:1.92%;--awb-width-small:100%;--awb-order-small:0;--awb-spacing-right-small:1.92%;--awb-spacing-left-small:1.92%;\"><div class=\"fusion-column-wrapper fusion-column-has-shadow fusion-flex-justify-content-space-between fusion-content-layout-column\"><div class=\"fusion-image-element \" style=\"--awb-caption-title-font-family:var(--h2_typography-font-family);--awb-caption-title-font-weight:var(--h2_typography-font-weight);--awb-caption-title-font-style:var(--h2_typography-font-style);--awb-caption-title-size:var(--h2_typography-font-size);--awb-caption-title-transform:var(--h2_typography-text-transform);--awb-caption-title-line-height:var(--h2_typography-line-height);--awb-caption-title-letter-spacing:var(--h2_typography-letter-spacing);\"><span class=\" fusion-imageframe imageframe-none imageframe-2 hover-type-none\"><img decoding=\"async\" width=\"1024\" height=\"682\" title=\"GettyImages-964143450_small\" data-src=\"https:\/\/www.analysis.ms\/wp-content\/uploads\/2021\/11\/GettyImages-964143450_small-1024x682.jpg\" alt class=\"img-responsive wp-image-18490 lazyload\" data-srcset=\"https:\/\/www.analysis.ms\/wp-content\/uploads\/2021\/11\/GettyImages-964143450_small-200x133.jpg 200w, https:\/\/www.analysis.ms\/wp-content\/uploads\/2021\/11\/GettyImages-964143450_small-400x267.jpg 400w, https:\/\/www.analysis.ms\/wp-content\/uploads\/2021\/11\/GettyImages-964143450_small-600x400.jpg 600w, https:\/\/www.analysis.ms\/wp-content\/uploads\/2021\/11\/GettyImages-964143450_small-800x533.jpg 800w, https:\/\/www.analysis.ms\/wp-content\/uploads\/2021\/11\/GettyImages-964143450_small-1200x800.jpg 1200w, https:\/\/www.analysis.ms\/wp-content\/uploads\/2021\/11\/GettyImages-964143450_small.jpg 1400w\" data-sizes=\"(max-width: 1024px) 100vw, (max-width: 640px) 100vw, 400px\" src=\"data:image\/svg+xml;base64,PHN2ZyB3aWR0aD0iMSIgaGVpZ2h0PSIxIiB4bWxucz0iaHR0cDovL3d3dy53My5vcmcvMjAwMC9zdmciPjwvc3ZnPg==\" style=\"--smush-placeholder-width: 1024px; --smush-placeholder-aspect-ratio: 1024\/682;\" \/><\/span><\/div><div class=\"fusion-title title fusion-title-4 fusion-sep-none fusion-title-center fusion-title-text fusion-title-size-three\" style=\"--awb-margin-top:10px;--awb-margin-bottom:10px;--awb-margin-top-small:0px;--awb-margin-right-small:0px;--awb-margin-bottom-small:0px;--awb-margin-left-small:0px;\"><h3 class=\"fusion-title-heading title-heading-center fusion-responsive-typography-calculated\" style=\"margin:0;--fontSize:32;line-height:1.3;\">Analyses de March\u00e9 de diff\u00e9rentes cat\u00e9gories de produits de grande consommation<\/h3><\/div><div style=\"text-align:center;\"><a class=\"fusion-button button-flat fusion-button-default-size button-default fusion-button-default button-2 fusion-button-default-span fusion-button-default-type\" style=\"--button_margin-top:20px;\" target=\"_self\" href=\"https:\/\/www.analysis.ms\/fr\/rapports-cles-en-main-analyse-de-marche\/\"><span class=\"fusion-button-text awb-button__text awb-button__text--default\">En Savoir Plus<\/span><\/a><\/div><\/div><\/div><div class=\"fusion-layout-column fusion_builder_column fusion-builder-column-3 fusion_builder_column_1_3 1_3 fusion-flex-column fusion-flex-align-self-stretch\" style=\"--awb-bg-size:cover;--awb-width-large:33.333333333333%;--awb-margin-top-large:0px;--awb-spacing-right-large:5.76%;--awb-margin-bottom-large:20px;--awb-spacing-left-large:5.76%;--awb-width-medium:100%;--awb-order-medium:0;--awb-spacing-right-medium:1.92%;--awb-spacing-left-medium:1.92%;--awb-width-small:100%;--awb-order-small:0;--awb-spacing-right-small:1.92%;--awb-spacing-left-small:1.92%;\"><div class=\"fusion-column-wrapper fusion-column-has-shadow fusion-flex-justify-content-space-between fusion-content-layout-column\"><div class=\"fusion-image-element \" style=\"--awb-caption-title-font-family:var(--h2_typography-font-family);--awb-caption-title-font-weight:var(--h2_typography-font-weight);--awb-caption-title-font-style:var(--h2_typography-font-style);--awb-caption-title-size:var(--h2_typography-font-size);--awb-caption-title-transform:var(--h2_typography-text-transform);--awb-caption-title-line-height:var(--h2_typography-line-height);--awb-caption-title-letter-spacing:var(--h2_typography-letter-spacing);\"><span class=\" fusion-imageframe imageframe-none imageframe-3 hover-type-none\"><img decoding=\"async\" width=\"1024\" height=\"694\" title=\"Young protesters\" data-src=\"https:\/\/www.analysis.ms\/wp-content\/uploads\/2021\/06\/GettyImages-1146449757-1024x694.jpg\" alt class=\"img-responsive wp-image-13457 lazyload\" data-srcset=\"https:\/\/www.analysis.ms\/wp-content\/uploads\/2021\/06\/GettyImages-1146449757-200x136.jpg 200w, https:\/\/www.analysis.ms\/wp-content\/uploads\/2021\/06\/GettyImages-1146449757-400x271.jpg 400w, https:\/\/www.analysis.ms\/wp-content\/uploads\/2021\/06\/GettyImages-1146449757-600x407.jpg 600w, https:\/\/www.analysis.ms\/wp-content\/uploads\/2021\/06\/GettyImages-1146449757-800x542.jpg 800w, https:\/\/www.analysis.ms\/wp-content\/uploads\/2021\/06\/GettyImages-1146449757-1200x813.jpg 1200w\" data-sizes=\"(max-width: 1024px) 100vw, (max-width: 640px) 100vw, 400px\" src=\"data:image\/svg+xml;base64,PHN2ZyB3aWR0aD0iMSIgaGVpZ2h0PSIxIiB4bWxucz0iaHR0cDovL3d3dy53My5vcmcvMjAwMC9zdmciPjwvc3ZnPg==\" style=\"--smush-placeholder-width: 1024px; --smush-placeholder-aspect-ratio: 1024\/694;\" \/><\/span><\/div><div class=\"fusion-title title fusion-title-5 fusion-sep-none fusion-title-center fusion-title-text fusion-title-size-three\" style=\"--awb-margin-top:10px;--awb-margin-bottom:10px;--awb-margin-top-small:0px;--awb-margin-right-small:0px;--awb-margin-bottom-small:0px;--awb-margin-left-small:0px;\"><h3 class=\"fusion-title-heading title-heading-center fusion-responsive-typography-calculated\" style=\"margin:0;--fontSize:32;line-height:1.3;\">Etudes pour comprendre la soci\u00e9t\u00e9 et les tendances<\/h3><\/div><div style=\"text-align:center;\"><a class=\"fusion-button button-flat fusion-button-default-size button-custom fusion-button-default button-3 fusion-button-default-span fusion-button-default-type\" style=\"--button_accent_color:#ffffff;--button_accent_hover_color:#ffffff;--button_border_hover_color:#ffffff;--button_gradient_top_color:#000000;--button_gradient_bottom_color:#000000;--button_gradient_top_color_hover:#686868;--button_gradient_bottom_color_hover:#686868;--button_margin-top:20px;\" target=\"_self\" href=\"https:\/\/www.analysis.ms\/fr\/rapports-cles-en-main-tendances-et-etudes-societales\/\"><span class=\"fusion-button-text awb-button__text awb-button__text--default\">En Savoir Plus<\/span><\/a><\/div><\/div><\/div><\/div><\/div><div class=\"fusion-fullwidth fullwidth-box fusion-builder-row-3 fusion-flex-container nonhundred-percent-fullwidth non-hundred-percent-height-scrolling\" style=\"--awb-border-radius-top-left:0px;--awb-border-radius-top-right:0px;--awb-border-radius-bottom-right:0px;--awb-border-radius-bottom-left:0px;--awb-padding-top:70px;--awb-padding-bottom:73px;--awb-margin-top:0px;--awb-margin-bottom:50px;--awb-background-color:#c4c4c4;--awb-flex-wrap:wrap;\" id=\"form\" ><div class=\"fusion-builder-row fusion-row fusion-flex-align-items-flex-start fusion-flex-content-wrap\" style=\"max-width:1248px;margin-left: calc(-4% \/ 2 );margin-right: calc(-4% \/ 2 );\"><\/div><\/div><\/p>\n","protected":false},"excerpt":{"rendered":"","protected":false},"author":1,"featured_media":0,"parent":0,"menu_order":0,"comment_status":"closed","ping_status":"closed","template":"100-width.php","meta":{"footnotes":""},"class_list":["post-19961","page","type-page","status-publish","hentry"],"_links":{"self":[{"href":"https:\/\/www.analysis.ms\/fr\/wp-json\/wp\/v2\/pages\/19961","targetHints":{"allow":["GET"]}}],"collection":[{"href":"https:\/\/www.analysis.ms\/fr\/wp-json\/wp\/v2\/pages"}],"about":[{"href":"https:\/\/www.analysis.ms\/fr\/wp-json\/wp\/v2\/types\/page"}],"author":[{"embeddable":true,"href":"https:\/\/www.analysis.ms\/fr\/wp-json\/wp\/v2\/users\/1"}],"replies":[{"embeddable":true,"href":"https:\/\/www.analysis.ms\/fr\/wp-json\/wp\/v2\/comments?post=19961"}],"version-history":[{"count":5,"href":"https:\/\/www.analysis.ms\/fr\/wp-json\/wp\/v2\/pages\/19961\/revisions"}],"predecessor-version":[{"id":24264,"href":"https:\/\/www.analysis.ms\/fr\/wp-json\/wp\/v2\/pages\/19961\/revisions\/24264"}],"wp:attachment":[{"href":"https:\/\/www.analysis.ms\/fr\/wp-json\/wp\/v2\/media?parent=19961"}],"curies":[{"name":"wp","href":"https:\/\/api.w.org\/{rel}","templated":true}]}}