{"id":10822,"date":"2020-05-26T05:39:12","date_gmt":"2020-05-26T05:39:12","guid":{"rendered":"https:\/\/www.analysis.ms\/?page_id=10822"},"modified":"2020-08-10T04:35:08","modified_gmt":"2020-08-10T04:35:08","slug":"solutions-experience-client","status":"publish","type":"page","link":"https:\/\/www.analysis.ms\/fr\/solutions-experience-client\/","title":{"rendered":"Solutions \u2013 Exp\u00e9rience client"},"content":{"rendered":"<p><div class=\"fusion-fullwidth fullwidth-box fusion-builder-row-1 nonhundred-percent-fullwidth non-hundred-percent-height-scrolling\" style=\"--awb-border-radius-top-left:0px;--awb-border-radius-top-right:0px;--awb-border-radius-bottom-right:0px;--awb-border-radius-bottom-left:0px;--awb-padding-top:50px;--awb-flex-wrap:wrap;\" ><div class=\"fusion-builder-row fusion-row\"><div class=\"fusion-layout-column fusion_builder_column fusion-builder-column-0 fusion_builder_column_1_2 1_2 fusion-one-half fusion-column-first\" style=\"--awb-bg-size:cover;width:50%;width:calc(50% - ( ( 4% ) * 0.5 ) );margin-right: 4%;\"><div class=\"fusion-column-wrapper fusion-column-has-shadow fusion-flex-column-wrapper-legacy\"><div class=\"fusion-title title fusion-title-1 fusion-sep-none fusion-title-text fusion-title-size-one\" style=\"--awb-margin-top:120px;--awb-margin-bottom:20px;--awb-margin-top-small:0px;--awb-margin-right-small:0px;--awb-margin-bottom-small:0px;--awb-margin-left-small:0px;\"><h1 class=\"fusion-title-heading title-heading-left fusion-responsive-typography-calculated\" style=\"margin:0;--fontSize:65;line-height:1.16;\">Exp\u00e9rience client<\/h1><\/div><div class=\"fusion-title title fusion-title-2 fusion-sep-none fusion-title-text fusion-title-size-four\" style=\"--awb-margin-bottom:20px;--awb-margin-right-small:0px;--awb-margin-bottom-small:20px;--awb-margin-left-small:0px;\"><h4 class=\"fusion-title-heading title-heading-left fusion-responsive-typography-calculated\" style=\"margin:0;--fontSize:28;line-height:1.36;\">Strat\u00e9gie gagnante avec une relation client exceptionnelle<\/h4><\/div><div class=\"fusion-text fusion-text-1\"><p>La satisfaction des clients est essentielle pour la croissance de l&rsquo;entreprise, et chaque exp\u00e9rience a le potentiel de cr\u00e9er ou de d\u00e9faire la relation, c&rsquo;est la raison pour laquelle il est imp\u00e9ratif de savoir comment se sentent vos clients.<\/p>\n<p>Avoir une bonne relation client stimule la croissance et les clients d\u00e9pensent davantage lorsque les relations sont solides. Cependant, peu de marques cr\u00e9ent cette relation avec leurs clients.<\/p>\n<p>Les entreprises qui r\u00e9ussissent savent ce qui est important pour leurs clients et sont coh\u00e9rentes dans leurs d\u00e9marches. Nous vous aidons \u00e0 construire cette relation durable en vous concentrant sur le consommateur.<\/p>\n<\/div><div class=\"fusion-clearfix\"><\/div><\/div><\/div><div class=\"fusion-layout-column fusion_builder_column fusion-builder-column-1 fusion_builder_column_1_2 1_2 fusion-one-half fusion-column-last\" style=\"--awb-bg-size:cover;--awb-margin-top:120px;width:50%;width:calc(50% - ( ( 4% ) * 0.5 ) );\"><div class=\"fusion-column-wrapper fusion-column-has-shadow fusion-flex-column-wrapper-legacy\"><div class=\"fusion-image-element in-legacy-container\" style=\"--awb-caption-title-font-family:var(--h2_typography-font-family);--awb-caption-title-font-weight:var(--h2_typography-font-weight);--awb-caption-title-font-style:var(--h2_typography-font-style);--awb-caption-title-size:var(--h2_typography-font-size);--awb-caption-title-transform:var(--h2_typography-text-transform);--awb-caption-title-line-height:var(--h2_typography-line-height);--awb-caption-title-letter-spacing:var(--h2_typography-letter-spacing);\"><span class=\" fusion-imageframe imageframe-none imageframe-1 hover-type-none\"><img decoding=\"async\" width=\"640\" height=\"426\" title=\"GettyImages-1168428182_jpg\" data-src=\"https:\/\/www.analysis.ms\/wp-content\/uploads\/2020\/04\/GettyImages-1168428182_jpg.jpg\" alt class=\"img-responsive wp-image-9631 lazyload\" data-srcset=\"https:\/\/www.analysis.ms\/wp-content\/uploads\/2020\/04\/GettyImages-1168428182_jpg-200x133.jpg 200w, https:\/\/www.analysis.ms\/wp-content\/uploads\/2020\/04\/GettyImages-1168428182_jpg-400x266.jpg 400w, https:\/\/www.analysis.ms\/wp-content\/uploads\/2020\/04\/GettyImages-1168428182_jpg-600x399.jpg 600w, https:\/\/www.analysis.ms\/wp-content\/uploads\/2020\/04\/GettyImages-1168428182_jpg.jpg 640w\" data-sizes=\"(max-width: 800px) 100vw, 600px\" src=\"data:image\/svg+xml;base64,PHN2ZyB3aWR0aD0iMSIgaGVpZ2h0PSIxIiB4bWxucz0iaHR0cDovL3d3dy53My5vcmcvMjAwMC9zdmciPjwvc3ZnPg==\" style=\"--smush-placeholder-width: 640px; --smush-placeholder-aspect-ratio: 640\/426;\" \/><\/span><\/div><div class=\"fusion-clearfix\"><\/div><\/div><\/div><\/div><\/div><div class=\"fusion-fullwidth fullwidth-box fusion-builder-row-2 nonhundred-percent-fullwidth non-hundred-percent-height-scrolling\" style=\"--awb-border-radius-top-left:0px;--awb-border-radius-top-right:0px;--awb-border-radius-bottom-right:0px;--awb-border-radius-bottom-left:0px;--awb-padding-top:50px;--awb-margin-bottom:70px;--awb-flex-wrap:wrap;\" ><div class=\"fusion-builder-row fusion-row\"><div class=\"fusion-layout-column fusion_builder_column fusion-builder-column-2 fusion_builder_column_3_4 3_4 fusion-three-fourth fusion-column-first\" style=\"--awb-bg-size:cover;width:75%;width:calc(75% - ( ( 4% ) * 0.75 ) );margin-right: 4%;\"><div class=\"fusion-column-wrapper fusion-column-has-shadow fusion-flex-column-wrapper-legacy\"><div class=\"accordian fusion-accordian\" style=\"--awb-border-size:1px;--awb-icon-size:34px;--awb-content-font-size:18px;--awb-icon-alignment:right;--awb-hover-color:#f9f9f9;--awb-border-color:#cccccc;--awb-background-color:#ffffff;--awb-divider-color:#e0dede;--awb-divider-hover-color:#e0dede;--awb-icon-color:#e5e5e5;--awb-title-color:#999999;--awb-content-color:#4a4e57;--awb-icon-box-color:#ffffff;--awb-toggle-hover-accent-color:#ff5000;--awb-title-font-family:&quot;Quicksand&quot;;--awb-title-font-weight:300;--awb-title-font-style:normal;--awb-title-font-size:30px;--awb-content-font-family:&quot;Quicksand&quot;;--awb-content-font-style:normal;--awb-content-font-weight:400;\"><div class=\"panel-group fusion-toggle-icon-right fusion-toggle-icon-unboxed\" id=\"accordion-10822-1\"><div class=\"fusion-panel panel-default panel-2029a5e1b7c8ad12f fusion-toggle-has-divider\"><div class=\"panel-heading\"><h4 class=\"panel-title toggle\" id=\"toggle_2029a5e1b7c8ad12f\"><a aria-expanded=\"false\" aria-controls=\"2029a5e1b7c8ad12f\" role=\"button\" data-toggle=\"collapse\" data-parent=\"#accordion-10822-1\" data-target=\"#2029a5e1b7c8ad12f\" href=\"#2029a5e1b7c8ad12f\"><span class=\"fusion-toggle-icon-wrapper\" aria-hidden=\"true\"><i class=\"fa-fusion-box active-icon awb-icon-minus\" aria-hidden=\"true\"><\/i><i class=\"fa-fusion-box inactive-icon awb-icon-plus\" aria-hidden=\"true\"><\/i><\/span><span class=\"fusion-toggle-heading\">ETUDE SUR LE PARCOURS CLIENT<\/span><\/a><\/h4><\/div><div id=\"2029a5e1b7c8ad12f\" class=\"panel-collapse collapse \" aria-labelledby=\"toggle_2029a5e1b7c8ad12f\"><div class=\"panel-body toggle-content fusion-clearfix\">\n<div style=\"margin-top: 10px; margin-bottom: 40px;\">\n<p>Le parcours du consommateur est devenu omni-canal. Cette \u00e9tude permet d&rsquo;identifier les diff\u00e9rents points de contact durant son parcours et les moments de v\u00e9rit\u00e9 sur lesquels vos efforts doivent \u00eatre focalis\u00e9s pour enchanter ou r\u00e9-enchanter l&rsquo;exp\u00e9rience client. Kantar vous aide \u00e0 offrir une exp\u00e9rience client optimale bas\u00e9e sur la compr\u00e9hension que les d\u00e9cisions d&rsquo;investissement peuvent avoir un impact positif aussi bien que n\u00e9gatif.<\/p>\n<div class=\"fusion-button-wrapper\"><a class=\"fusion-button button-flat fusion-button-default-size button-custom fusion-button-default button-1 fusion-button-default-span fusion-button-default-type\" style=\"--button_accent_color:#ffffff;--button_accent_hover_color:#ffffff;--button_border_hover_color:#ffffff;--button_gradient_top_color:#000000;--button_gradient_bottom_color:#000000;--button_gradient_top_color_hover:#686868;--button_gradient_bottom_color_hover:#686868;\" target=\"_self\" href=\"#footer_contact\"><span class=\"fusion-button-text awb-button__text awb-button__text--default\">PLUS D&rsquo;INFORMATIONS<\/span><\/a><\/div><\/div>\n<\/div><\/div><\/div><div class=\"fusion-panel panel-default panel-7089d905c5780b1c3 fusion-toggle-has-divider\"><div class=\"panel-heading\"><h4 class=\"panel-title toggle\" id=\"toggle_7089d905c5780b1c3\"><a aria-expanded=\"false\" aria-controls=\"7089d905c5780b1c3\" role=\"button\" data-toggle=\"collapse\" data-parent=\"#accordion-10822-1\" data-target=\"#7089d905c5780b1c3\" href=\"#7089d905c5780b1c3\"><span class=\"fusion-toggle-icon-wrapper\" aria-hidden=\"true\"><i class=\"fa-fusion-box active-icon awb-icon-minus\" aria-hidden=\"true\"><\/i><i class=\"fa-fusion-box inactive-icon awb-icon-plus\" aria-hidden=\"true\"><\/i><\/span><span class=\"fusion-toggle-heading\">ETUDE DE SATISFACTION CLIENT<\/span><\/a><\/h4><\/div><div id=\"7089d905c5780b1c3\" class=\"panel-collapse collapse \" aria-labelledby=\"toggle_7089d905c5780b1c3\"><div class=\"panel-body toggle-content fusion-clearfix\">\n<div style=\"margin-top: 10px; margin-bottom: 40px;\">\n<p>L&rsquo;\u00e9tude de satisfaction client fournit aux marques un aper\u00e7u du niveau de satisfaction de leurs clients occasionnels et potentiels. Cela permettra d&rsquo;identifier les attentes des clients en \u00e9valuant leurs exp\u00e9riences en fonction de vos produits et services. De plus, cela montrera \u00e0 quel point les relations clients doivent \u00eatre solides pour cr\u00e9er de v\u00e9ritables prescripteurs.<\/p>\n<div class=\"fusion-button-wrapper\"><a class=\"fusion-button button-flat fusion-button-default-size button-custom fusion-button-default button-2 fusion-button-default-span fusion-button-default-type\" style=\"--button_accent_color:#ffffff;--button_accent_hover_color:#ffffff;--button_border_hover_color:#ffffff;--button_gradient_top_color:#000000;--button_gradient_bottom_color:#000000;--button_gradient_top_color_hover:#686868;--button_gradient_bottom_color_hover:#686868;\" target=\"_self\" href=\"#footer_contact\"><span class=\"fusion-button-text awb-button__text awb-button__text--default\">CONTACTEZ-NOUS<\/span><\/a><\/div><\/div>\n<\/div><\/div><\/div><div class=\"fusion-panel panel-default panel-d1afdfef1c84a5a7a fusion-toggle-has-divider\"><div class=\"panel-heading\"><h4 class=\"panel-title toggle\" id=\"toggle_d1afdfef1c84a5a7a\"><a aria-expanded=\"false\" aria-controls=\"d1afdfef1c84a5a7a\" role=\"button\" data-toggle=\"collapse\" data-parent=\"#accordion-10822-1\" data-target=\"#d1afdfef1c84a5a7a\" href=\"#d1afdfef1c84a5a7a\"><span class=\"fusion-toggle-icon-wrapper\" aria-hidden=\"true\"><i class=\"fa-fusion-box active-icon awb-icon-minus\" aria-hidden=\"true\"><\/i><i class=\"fa-fusion-box inactive-icon awb-icon-plus\" aria-hidden=\"true\"><\/i><\/span><span class=\"fusion-toggle-heading\">VISITES MYST\u00c8RES ET AUDIT OP\u00c9RATIONNEL<\/span><\/a><\/h4><\/div><div id=\"d1afdfef1c84a5a7a\" class=\"panel-collapse collapse \" aria-labelledby=\"toggle_d1afdfef1c84a5a7a\"><div class=\"panel-body toggle-content fusion-clearfix\">\n<div style=\"margin-top: 10px; margin-bottom: 40px;\">\n<p>Les audits myst\u00e8res permettent aux marques d&rsquo;\u00e9valuer le contr\u00f4le de leurs op\u00e9rations, le respect des normes de qualit\u00e9 et les faiblesses de leurs services. Selon les pr\u00e9f\u00e9rences des marques, les audits myst\u00e8res peuvent \u00eatre en termes de visites, appels t\u00e9l\u00e9phoniques, requ\u00eates via les r\u00e9seaux sociaux, et\/ou par emailings.<\/p>\n<div class=\"fusion-button-wrapper\"><a class=\"fusion-button button-flat fusion-button-default-size button-default fusion-button-default button-3 fusion-button-default-span fusion-button-default-type\" target=\"_self\" href=\"#\" data-toggle=\"modal\" data-target=\".fusion-modal.quote_mystery_audit\"><span class=\"fusion-button-text awb-button__text awb-button__text--default\">DEMANDEZ UN DEVIS<\/span><\/a><\/div><\/div>\n<\/div><\/div><\/div><div class=\"fusion-panel panel-default panel-5da996546906b34ec fusion-toggle-has-divider\"><div class=\"panel-heading\"><h4 class=\"panel-title toggle\" id=\"toggle_5da996546906b34ec\"><a aria-expanded=\"false\" aria-controls=\"5da996546906b34ec\" role=\"button\" data-toggle=\"collapse\" data-parent=\"#accordion-10822-1\" data-target=\"#5da996546906b34ec\" href=\"#5da996546906b34ec\"><span class=\"fusion-toggle-icon-wrapper\" aria-hidden=\"true\"><i class=\"fa-fusion-box active-icon awb-icon-minus\" aria-hidden=\"true\"><\/i><i class=\"fa-fusion-box inactive-icon awb-icon-plus\" aria-hidden=\"true\"><\/i><\/span><span class=\"fusion-toggle-heading\">GESTION DES FEEDBACK <\/span><\/a><\/h4><\/div><div id=\"5da996546906b34ec\" class=\"panel-collapse collapse \" aria-labelledby=\"toggle_5da996546906b34ec\"><div class=\"panel-body toggle-content fusion-clearfix\">\n<div style=\"margin-top: 10px; margin-bottom: 40px;\">\n<p>Nous collectons les commentaires des clients aupr\u00e8s chacune de leurs transactions dans les points de vente ou en ligne avec notre plateforme C-VOX. Cela donne aux marques la possibilit\u00e9 de r\u00e9agir rapidement et d&rsquo;identifier les probl\u00e8mes op\u00e9rationnels. Les r\u00e9sultats peuvent \u00eatre consult\u00e9s sur un tableau de bord interactif o\u00f9 vous pouvez limiter l&rsquo;acc\u00e8s selon les niveaux hi\u00e9rarchiques de votre entreprise..<\/p>\n<div class=\"fusion-button-wrapper\"><a class=\"fusion-button button-flat fusion-button-default-size button-default fusion-button-default button-4 fusion-button-default-span fusion-button-default-type\" target=\"_self\" href=\"#footer_contact\"><span class=\"fusion-button-text awb-button__text awb-button__text--default\">OBTENIR PLUS D&rsquo;INFORMATIONS<\/span><\/a><\/div><\/div>\n<\/div><\/div><\/div><div class=\"fusion-panel panel-default panel-455d3af41e5564f27 fusion-toggle-has-divider\"><div class=\"panel-heading\"><h4 class=\"panel-title toggle\" id=\"toggle_455d3af41e5564f27\"><a aria-expanded=\"false\" aria-controls=\"455d3af41e5564f27\" role=\"button\" data-toggle=\"collapse\" data-parent=\"#accordion-10822-1\" data-target=\"#455d3af41e5564f27\" href=\"#455d3af41e5564f27\"><span class=\"fusion-toggle-icon-wrapper\" aria-hidden=\"true\"><i class=\"fa-fusion-box active-icon awb-icon-minus\" aria-hidden=\"true\"><\/i><i class=\"fa-fusion-box inactive-icon awb-icon-plus\" aria-hidden=\"true\"><\/i><\/span><span class=\"fusion-toggle-heading\">ANALYSE DE BASE DE DONN\u00c9ES CLIENT : SEGMENTATION ET CRM<\/span><\/a><\/h4><\/div><div id=\"455d3af41e5564f27\" class=\"panel-collapse collapse \" aria-labelledby=\"toggle_455d3af41e5564f27\"><div class=\"panel-body toggle-content fusion-clearfix\">\n<div style=\"margin-top: 10px; margin-bottom: 40px;\">\n<p>Le data mining permet aux marques de mieux comprendre et segmenter leur client\u00e8le afin de d\u00e9velopper de nouvelles offres et de mieux pr\u00e9parer les outils CRM. Gr\u00e2ce \u00e0 des algorithmes, nous analysons les donn\u00e9es disponibles et les regroupons selon les variables pertinentes (et selon les besoins des clients).<\/p>\n<div class=\"fusion-button-wrapper\"><a class=\"fusion-button button-flat fusion-button-default-size button-default fusion-button-default button-5 fusion-button-default-span fusion-button-default-type\" target=\"_self\" href=\"#footer_contact\"><span class=\"fusion-button-text awb-button__text awb-button__text--default\">CONTACTEZ-NOUS<\/span><\/a><\/div><\/div>\n<\/div><\/div><\/div><\/div><\/div><div class=\"fusion-modal modal fade modal-1 quote_mystery_audit\" tabindex=\"-1\" role=\"dialog\" aria-labelledby=\"modal-heading-1\" aria-hidden=\"true\" style=\"--awb-border-color:#ebebeb;--awb-background:#f6f6f6;\"><div class=\"modal-dialog modal-lg\" role=\"document\"><div class=\"modal-content fusion-modal-content\"><div class=\"modal-header\"><button class=\"close\" type=\"button\" data-dismiss=\"modal\" aria-hidden=\"true\" aria-label=\"Close\">&times;<\/button><h3 class=\"modal-title\" id=\"modal-heading-1\" data-dismiss=\"modal\" aria-hidden=\"true\">QUOTE : MYSTERY VISITS AND OPERATIONAL AUDIT<\/h3><\/div><div class=\"modal-body fusion-clearfix\">\n[caldera_form id=\u00a0\u00bbCF5e8ec08c98636&Prime;]\n<\/div><\/div><\/div><\/div><div class=\"fusion-modal modal fade modal-2 demo_audience_tracker\" tabindex=\"-1\" role=\"dialog\" aria-labelledby=\"modal-heading-2\" aria-hidden=\"true\" style=\"--awb-border-color:#ebebeb;--awb-background:#f6f6f6;\"><div class=\"modal-dialog modal-lg\" role=\"document\"><div class=\"modal-content fusion-modal-content\"><div class=\"modal-header\"><button class=\"close\" type=\"button\" data-dismiss=\"modal\" aria-hidden=\"true\" aria-label=\"Close\">&times;<\/button><h3 class=\"modal-title\" id=\"modal-heading-2\" data-dismiss=\"modal\" aria-hidden=\"true\">Request a Demo<\/h3><\/div><div class=\"modal-body fusion-clearfix\">\n[caldera_form id=\u00a0\u00bbCF5e8eb1d246608&Prime;]\n<\/div><\/div><\/div><\/div><div class=\"fusion-clearfix\"><\/div><\/div><\/div><\/div><\/div><div class=\"fusion-fullwidth fullwidth-box fusion-builder-row-3 nonhundred-percent-fullwidth non-hundred-percent-height-scrolling\" style=\"--awb-border-radius-top-left:0px;--awb-border-radius-top-right:0px;--awb-border-radius-bottom-right:0px;--awb-border-radius-bottom-left:0px;--awb-padding-top:20px;--awb-background-color:#e8e8e8;--awb-flex-wrap:wrap;\" id=\"footer_contact\" ><div class=\"fusion-builder-row fusion-row\"><div class=\"fusion-layout-column fusion_builder_column fusion-builder-column-3 fusion_builder_column_1_6 1_6 fusion-one-sixth fusion-column-first\" style=\"--awb-bg-size:cover;width:16.666666666667%;width:calc(16.666666666667% - ( ( 4% ) * 0.16666666666667 ) );margin-right: 4%;\"><div class=\"fusion-column-wrapper fusion-column-has-shadow fusion-flex-column-wrapper-legacy\"><div class=\"fusion-clearfix\"><\/div><\/div><\/div><div class=\"fusion-layout-column fusion_builder_column fusion-builder-column-4 fusion_builder_column_2_3 2_3 fusion-two-third fusion-column-last\" style=\"--awb-bg-size:cover;width:66.666666666667%;width:calc(66.666666666667% - ( ( 4% ) * 0.66666666666667 ) );\"><div class=\"fusion-column-wrapper fusion-column-has-shadow fusion-flex-column-wrapper-legacy\"><div class=\"fusion-title title fusion-title-3 fusion-sep-none fusion-title-center fusion-title-text fusion-title-size-three\" style=\"--awb-margin-top:20px;--awb-margin-bottom:20px;--awb-margin-top-small:0px;--awb-margin-right-small:0px;--awb-margin-bottom-small:0px;--awb-margin-left-small:0px;\"><h3 class=\"fusion-title-heading title-heading-center fusion-responsive-typography-calculated\" style=\"margin:0;--fontSize:32;line-height:1.3;\"><h3 class=\"title-heading-center fusion-responsive-typography-calculated\" style=\"text-align: center;\" data-fontsize=\"50\" data-lineheight=\"58px\">Get all the Details<\/h3>\n<p class=\"title-heading-center fusion-responsive-typography-calculated\" style=\"text-align: center;\" data-fontsize=\"24\" data-lineheight=\"36px\">Contact us below and our team will swiftly get back to you.<\/p><\/h3><\/div><iframe frameborder=\"0\" style=\"height:500px;width:99%;border:none;\" data-src='https:\/\/forms.zohopublic.com\/analysishouse\/form\/KantarOverallInfoRequest\/formperma\/IY-eD_izR-i4C2ggXzloyfJqxOqV47VVe_MCnxsD6kg' src=\"data:image\/svg+xml;base64,PHN2ZyB3aWR0aD0iMSIgaGVpZ2h0PSIxIiB4bWxucz0iaHR0cDovL3d3dy53My5vcmcvMjAwMC9zdmciPjwvc3ZnPg==\" class=\"lazyload\" data-load-mode=\"1\"><\/iframe><div class=\"fusion-clearfix\"><\/div><\/div><\/div><\/div><\/div>\n<\/p>\n","protected":false},"excerpt":{"rendered":"","protected":false},"author":1,"featured_media":0,"parent":0,"menu_order":0,"comment_status":"closed","ping_status":"closed","template":"100-width.php","meta":{"footnotes":""},"class_list":["post-10822","page","type-page","status-publish","hentry"],"_links":{"self":[{"href":"https:\/\/www.analysis.ms\/fr\/wp-json\/wp\/v2\/pages\/10822","targetHints":{"allow":["GET"]}}],"collection":[{"href":"https:\/\/www.analysis.ms\/fr\/wp-json\/wp\/v2\/pages"}],"about":[{"href":"https:\/\/www.analysis.ms\/fr\/wp-json\/wp\/v2\/types\/page"}],"author":[{"embeddable":true,"href":"https:\/\/www.analysis.ms\/fr\/wp-json\/wp\/v2\/users\/1"}],"replies":[{"embeddable":true,"href":"https:\/\/www.analysis.ms\/fr\/wp-json\/wp\/v2\/comments?post=10822"}],"version-history":[{"count":5,"href":"https:\/\/www.analysis.ms\/fr\/wp-json\/wp\/v2\/pages\/10822\/revisions"}],"predecessor-version":[{"id":11095,"href":"https:\/\/www.analysis.ms\/fr\/wp-json\/wp\/v2\/pages\/10822\/revisions\/11095"}],"wp:attachment":[{"href":"https:\/\/www.analysis.ms\/fr\/wp-json\/wp\/v2\/media?parent=10822"}],"curies":[{"name":"wp","href":"https:\/\/api.w.org\/{rel}","templated":true}]}}