{"id":10491,"date":"2020-04-09T07:16:30","date_gmt":"2020-04-09T07:16:30","guid":{"rendered":"https:\/\/www.analysis.ms\/solutions-employee-engagement-survey\/"},"modified":"2024-08-17T05:47:45","modified_gmt":"2024-08-17T05:47:45","slug":"solutions-etude-engagement-employes","status":"publish","type":"page","link":"https:\/\/www.analysis.ms\/fr\/solutions-etude-engagement-employes\/","title":{"rendered":"Solutions \u2013 Engagement des employ\u00e9s"},"content":{"rendered":"<p><div class=\"fusion-fullwidth fullwidth-box fusion-builder-row-1 nonhundred-percent-fullwidth non-hundred-percent-height-scrolling\" style=\"--awb-border-radius-top-left:0px;--awb-border-radius-top-right:0px;--awb-border-radius-bottom-right:0px;--awb-border-radius-bottom-left:0px;--awb-padding-top:50px;--awb-flex-wrap:wrap;\" ><div class=\"fusion-builder-row fusion-row\"><div class=\"fusion-layout-column fusion_builder_column fusion-builder-column-0 fusion_builder_column_1_2 1_2 fusion-one-half fusion-column-first\" style=\"--awb-bg-size:cover;width:50%;width:calc(50% - ( ( 4% ) * 0.5 ) );margin-right: 4%;\"><div class=\"fusion-column-wrapper fusion-column-has-shadow fusion-flex-column-wrapper-legacy\"><div class=\"fusion-title title fusion-title-1 fusion-sep-none fusion-title-text fusion-title-size-two\" style=\"--awb-margin-top:120px;--awb-margin-bottom:20px;--awb-margin-top-small:0px;--awb-margin-right-small:0px;--awb-margin-bottom-small:0px;--awb-margin-left-small:0px;\"><h2 class=\"fusion-title-heading title-heading-left fusion-responsive-typography-calculated\" style=\"margin:0;--fontSize:60;line-height:1.2;\"><h2>Am\u00e9liorer l&rsquo;Exp\u00e9rience Collaborateurs<\/h2>\n<h4><\/h4><\/h2><\/div><div class=\"fusion-text fusion-text-1\" style=\"--awb-font-size:35px;\"><h3>Pour cr\u00e9er des exp\u00e9riences positives et m\u00e9morables pour vos collaborateurs, qui permettront de nourrir votre relation-employeur, d&rsquo;attirer et retenir les talents et am\u00e9liorer la performance globale de votre organisation.<\/h3>\n<\/div><div class=\"fusion-text fusion-text-2\"><p>La transformation digitale des entreprises, le vieillissement de la population, m\u00eame dans un contexte de crise cr\u00e9ent des p\u00e9nuries de talents. La r\u00e9tention des collaborateurs devient plus difficile car les entreprises sont confront\u00e9es \u00e0 une forte volont\u00e9 de changer d&#8217;emploi plus souvent, et des attentes \u00e9lev\u00e9es, non seulement par rapport au salaire mais aussi \u00e0 l&rsquo;environnement de travail, au sens des t\u00e2ches accomplies et aux opportunit\u00e9s d&rsquo;apprentissage et de d\u00e9veloppement.<\/p>\n<p>Pour accro\u00eetre l&rsquo;attractivit\u00e9 des entreprises pour les talents d&rsquo;aujourd&rsquo;hui et de demain, les entreprises doivent s&rsquo;int\u00e9resser et comprendre leurs collaborateurs.<\/p>\n<p><strong>Comment ?<\/strong> En \u00e9tablissant une strat\u00e9gie d&rsquo;\u00e9coute de vos collaborateurs, pour stimuler un changement de comportement et transformer votre lieu de travail\u00a0 en un lieu agr\u00e9able. Nous vous accompagnons \u00e0 chacune de ces \u00e9tapes gr\u00e2ce aux meilleurs logiciels et m\u00e9thodologie, \u00e0 des mod\u00e8les valid\u00e9s, \u00e0 des insights fiables et \u00e0 des analyses avanc\u00e9es pour comprendre en profondeur l&rsquo;exp\u00e9rience-collaborateurs.<\/p>\n<\/div><div class=\"fusion-clearfix\"><\/div><\/div><\/div><div class=\"fusion-layout-column fusion_builder_column fusion-builder-column-1 fusion_builder_column_1_2 1_2 fusion-one-half fusion-column-last\" style=\"--awb-bg-size:cover;--awb-margin-top:120px;width:50%;width:calc(50% - ( ( 4% ) * 0.5 ) );\"><div class=\"fusion-column-wrapper fusion-column-has-shadow fusion-flex-column-wrapper-legacy\"><div class=\"fusion-image-element in-legacy-container\" style=\"--awb-caption-title-font-family:var(--h2_typography-font-family);--awb-caption-title-font-weight:var(--h2_typography-font-weight);--awb-caption-title-font-style:var(--h2_typography-font-style);--awb-caption-title-size:var(--h2_typography-font-size);--awb-caption-title-transform:var(--h2_typography-text-transform);--awb-caption-title-line-height:var(--h2_typography-line-height);--awb-caption-title-letter-spacing:var(--h2_typography-letter-spacing);\"><span class=\" fusion-imageframe imageframe-none imageframe-1 hover-type-none\"><img decoding=\"async\" width=\"1024\" height=\"684\" title=\"EES-hero-image-discrim-vertical-banner\" data-src=\"https:\/\/www.analysis.ms\/wp-content\/uploads\/2020\/04\/EES-hero-image-discrim-vertical-banner-1024x684.jpg\" alt class=\"img-responsive wp-image-9840 lazyload\" data-srcset=\"https:\/\/www.analysis.ms\/wp-content\/uploads\/2020\/04\/EES-hero-image-discrim-vertical-banner-200x134.jpg 200w, https:\/\/www.analysis.ms\/wp-content\/uploads\/2020\/04\/EES-hero-image-discrim-vertical-banner-400x267.jpg 400w, https:\/\/www.analysis.ms\/wp-content\/uploads\/2020\/04\/EES-hero-image-discrim-vertical-banner-600x401.jpg 600w, https:\/\/www.analysis.ms\/wp-content\/uploads\/2020\/04\/EES-hero-image-discrim-vertical-banner-800x534.jpg 800w, https:\/\/www.analysis.ms\/wp-content\/uploads\/2020\/04\/EES-hero-image-discrim-vertical-banner-1200x801.jpg 1200w, https:\/\/www.analysis.ms\/wp-content\/uploads\/2020\/04\/EES-hero-image-discrim-vertical-banner.jpg 1600w\" data-sizes=\"(max-width: 800px) 100vw, 600px\" src=\"data:image\/svg+xml;base64,PHN2ZyB3aWR0aD0iMSIgaGVpZ2h0PSIxIiB4bWxucz0iaHR0cDovL3d3dy53My5vcmcvMjAwMC9zdmciPjwvc3ZnPg==\" style=\"--smush-placeholder-width: 1024px; --smush-placeholder-aspect-ratio: 1024\/684;\" \/><\/span><\/div><div class=\"fusion-clearfix\"><\/div><\/div><\/div><\/div><\/div><div class=\"fusion-fullwidth fullwidth-box fusion-builder-row-2 nonhundred-percent-fullwidth non-hundred-percent-height-scrolling\" style=\"--awb-border-radius-top-left:0px;--awb-border-radius-top-right:0px;--awb-border-radius-bottom-right:0px;--awb-border-radius-bottom-left:0px;--awb-padding-top:50px;--awb-margin-bottom:70px;--awb-flex-wrap:wrap;\" ><div class=\"fusion-builder-row fusion-row\"><div class=\"fusion-layout-column fusion_builder_column fusion-builder-column-2 fusion_builder_column_3_4 3_4 fusion-three-fourth fusion-column-first\" style=\"--awb-bg-size:cover;width:75%;width:calc(75% - ( ( 4% ) * 0.75 ) );margin-right: 4%;\"><div class=\"fusion-column-wrapper fusion-column-has-shadow fusion-flex-column-wrapper-legacy\"><div class=\"accordian fusion-accordian\" style=\"--awb-border-size:1px;--awb-icon-size:34px;--awb-content-font-size:18px;--awb-icon-alignment:right;--awb-hover-color:#f9f9f9;--awb-border-color:#cccccc;--awb-background-color:#ffffff;--awb-divider-color:#e0dede;--awb-divider-hover-color:#e0dede;--awb-icon-color:#e5e5e5;--awb-title-color:#999999;--awb-content-color:#4a4e57;--awb-icon-box-color:#ffffff;--awb-toggle-hover-accent-color:#ff5000;--awb-title-font-family:&quot;Quicksand&quot;;--awb-title-font-weight:300;--awb-title-font-style:normal;--awb-title-font-size:30px;--awb-content-font-family:&quot;Quicksand&quot;;--awb-content-font-style:normal;--awb-content-font-weight:400;\"><div class=\"panel-group fusion-toggle-icon-right fusion-toggle-icon-unboxed\" id=\"accordion-10491-1\"><div class=\"fusion-panel panel-default panel-dad02cc4cd828c446 fusion-toggle-has-divider\"><div class=\"panel-heading\"><h4 class=\"panel-title toggle\" id=\"toggle_dad02cc4cd828c446\"><a aria-expanded=\"false\" aria-controls=\"dad02cc4cd828c446\" role=\"button\" data-toggle=\"collapse\" data-parent=\"#accordion-10491-1\" data-target=\"#dad02cc4cd828c446\" href=\"#dad02cc4cd828c446\"><span class=\"fusion-toggle-icon-wrapper\" aria-hidden=\"true\"><i class=\"fa-fusion-box active-icon awb-icon-minus\" aria-hidden=\"true\"><\/i><i class=\"fa-fusion-box inactive-icon awb-icon-plus\" aria-hidden=\"true\"><\/i><\/span><span class=\"fusion-toggle-heading\">\u00c9TUDE D'ENGAGEMENT - HiPO<\/span><\/a><\/h4><\/div><div id=\"dad02cc4cd828c446\" class=\"panel-collapse collapse \" aria-labelledby=\"toggle_dad02cc4cd828c446\"><div class=\"panel-body toggle-content fusion-clearfix\">\n<div style=\"margin-top: 10px; margin-bottom: 40px;\">\n<p>Identifiez vos points forts et vos axes de progression gr\u00e2ce \u00e0 notre framework collaborateurs, HiPO &#8211; High Performance Organisation. Cette \u00e9tude d&rsquo;engagement, men\u00e9e r\u00e9guli\u00e8rement, vous permet de piloter les performances de\u00a0 votre organisation et l&rsquo;engagement de vos collaborateurs.<\/p>\n<div class=\"fusion-button-wrapper\"><a class=\"fusion-button button-flat fusion-button-default-size button-custom fusion-button-default button-1 fusion-button-default-span fusion-button-default-type\" style=\"--button_accent_color:#ffffff;--button_accent_hover_color:#ffffff;--button_border_hover_color:#ffffff;--button_gradient_top_color:#000000;--button_gradient_bottom_color:#000000;--button_gradient_top_color_hover:#686868;--button_gradient_bottom_color_hover:#686868;\" target=\"_self\" href=\"#footer_contact\"><span class=\"fusion-button-text awb-button__text awb-button__text--default\">DEMANDEZ UN DEVIS<\/span><\/a><\/div>\n<\/div>\n<\/div><\/div><\/div><div class=\"fusion-panel panel-default panel-ca689b00ab964ad11 fusion-toggle-has-divider\"><div class=\"panel-heading\"><h4 class=\"panel-title toggle\" id=\"toggle_ca689b00ab964ad11\"><a aria-expanded=\"false\" aria-controls=\"ca689b00ab964ad11\" role=\"button\" data-toggle=\"collapse\" data-parent=\"#accordion-10491-1\" data-target=\"#ca689b00ab964ad11\" href=\"#ca689b00ab964ad11\"><span class=\"fusion-toggle-icon-wrapper\" aria-hidden=\"true\"><i class=\"fa-fusion-box active-icon awb-icon-minus\" aria-hidden=\"true\"><\/i><i class=\"fa-fusion-box inactive-icon awb-icon-plus\" aria-hidden=\"true\"><\/i><\/span><span class=\"fusion-toggle-heading\">ONBOARDING, EXIT ET PULSE SURVEY<\/span><\/a><\/h4><\/div><div id=\"ca689b00ab964ad11\" class=\"panel-collapse collapse \" aria-labelledby=\"toggle_ca689b00ab964ad11\"><div class=\"panel-body toggle-content fusion-clearfix\">\n<div style=\"margin-top: 10px; margin-bottom: 40px;\">\n<p>Pour attirer, retenir et engager vos employ\u00e9s, il est important de g\u00e9rer les exp\u00e9riences des employ\u00e9s tout au long de leur cycle de vie en entreprise, en particulier dans les moments importants et mesurer leur perception de la performance organisationnelle. L&rsquo;objectif est de comprendre l&rsquo;exp\u00e9rience du collaborateur tout au long de son parcours au sein de l&rsquo;entreprise, de son premier jour \u00e0 son d\u00e9part, ainsi qu&rsquo;\u00e0 intervalles r\u00e9guliers, pour le fid\u00e9liser et en faire un ambassadeur.<\/p>\n<div class=\"fusion-button-wrapper\"><a class=\"fusion-button button-flat fusion-button-default-size button-custom fusion-button-default button-2 fusion-button-default-span fusion-button-default-type\" style=\"--button_accent_color:#ffffff;--button_accent_hover_color:#ffffff;--button_border_hover_color:#ffffff;--button_gradient_top_color:#000000;--button_gradient_bottom_color:#000000;--button_gradient_top_color_hover:#686868;--button_gradient_bottom_color_hover:#686868;\" target=\"_self\" href=\"#footer_contact\"><span class=\"fusion-button-text awb-button__text awb-button__text--default\">PLUS D&rsquo;INFORMATIONS<\/span><\/a><\/div>\n<\/div>\n<\/div><\/div><\/div><div class=\"fusion-panel panel-default panel-8be6e7713aa823486 fusion-toggle-has-divider\"><div class=\"panel-heading\"><h4 class=\"panel-title toggle\" id=\"toggle_8be6e7713aa823486\"><a aria-expanded=\"false\" aria-controls=\"8be6e7713aa823486\" role=\"button\" data-toggle=\"collapse\" data-parent=\"#accordion-10491-1\" data-target=\"#8be6e7713aa823486\" href=\"#8be6e7713aa823486\"><span class=\"fusion-toggle-icon-wrapper\" aria-hidden=\"true\"><i class=\"fa-fusion-box active-icon awb-icon-minus\" aria-hidden=\"true\"><\/i><i class=\"fa-fusion-box inactive-icon awb-icon-plus\" aria-hidden=\"true\"><\/i><\/span><span class=\"fusion-toggle-heading\">WORKSHOP ACTIVATION DU CHANGEMENT<\/span><\/a><\/h4><\/div><div id=\"8be6e7713aa823486\" class=\"panel-collapse collapse \" aria-labelledby=\"toggle_8be6e7713aa823486\"><div class=\"panel-body toggle-content fusion-clearfix\">\n<p>Sur la base d&rsquo;une compr\u00e9hention compl\u00e8te de l&rsquo;exp\u00e9rienc de vos collaborateurs et des attentes du march\u00e9, nous vous aidons \u00e0 mettre en place des actions pour cr\u00e9er les conditions de changements.<\/p>\n<div class=\"fusion-button-wrapper\"><a class=\"fusion-button button-flat fusion-button-default-size button-custom fusion-button-default button-3 fusion-button-default-span fusion-button-default-type\" style=\"--button_accent_color:#ffffff;--button_accent_hover_color:#ffffff;--button_border_hover_color:#ffffff;--button_gradient_top_color:#000000;--button_gradient_bottom_color:#000000;--button_gradient_top_color_hover:#686868;--button_gradient_bottom_color_hover:#686868;\" target=\"_self\" href=\"#footer_contact\"><span class=\"fusion-button-text awb-button__text awb-button__text--default\">EN SAVOIR PLUS<\/span><\/a><\/div>\n<\/div><\/div><\/div><\/div><\/div><div class=\"fusion-modal modal fade modal-1 demo_media_plan\" tabindex=\"-1\" role=\"dialog\" aria-labelledby=\"modal-heading-1\" aria-hidden=\"true\" style=\"--awb-border-color:#ebebeb;--awb-background:#f6f6f6;\"><div class=\"modal-dialog modal-lg\" role=\"document\"><div class=\"modal-content fusion-modal-content\"><div class=\"modal-header\"><button class=\"close\" type=\"button\" data-dismiss=\"modal\" aria-hidden=\"true\" aria-label=\"Close\">&times;<\/button><h3 class=\"modal-title\" id=\"modal-heading-1\" data-dismiss=\"modal\" aria-hidden=\"true\">Request a Demo<\/h3><\/div><div class=\"modal-body fusion-clearfix\">\n[caldera_form id=\u00a0\u00bbCF5e8eb0f883050&Prime;]\n<\/div><\/div><\/div><\/div><div class=\"fusion-modal modal fade modal-2 demo_audience_tracker\" tabindex=\"-1\" role=\"dialog\" aria-labelledby=\"modal-heading-2\" aria-hidden=\"true\" style=\"--awb-border-color:#ebebeb;--awb-background:#f6f6f6;\"><div class=\"modal-dialog modal-lg\" role=\"document\"><div class=\"modal-content fusion-modal-content\"><div class=\"modal-header\"><button class=\"close\" type=\"button\" data-dismiss=\"modal\" aria-hidden=\"true\" aria-label=\"Close\">&times;<\/button><h3 class=\"modal-title\" id=\"modal-heading-2\" data-dismiss=\"modal\" aria-hidden=\"true\">Request a Demo<\/h3><\/div><div class=\"modal-body fusion-clearfix\">\n[caldera_form id=\u00a0\u00bbCF5e8eb1d246608&Prime;]\n<\/div><\/div><\/div><\/div><div class=\"fusion-clearfix\"><\/div><\/div><\/div><\/div><\/div><div class=\"fusion-fullwidth fullwidth-box fusion-builder-row-3 nonhundred-percent-fullwidth non-hundred-percent-height-scrolling\" style=\"--awb-border-radius-top-left:0px;--awb-border-radius-top-right:0px;--awb-border-radius-bottom-right:0px;--awb-border-radius-bottom-left:0px;--awb-padding-top:38px;--awb-background-color:#e8e8e8;--awb-flex-wrap:wrap;\" id=\"footer_contact\" ><div class=\"fusion-builder-row fusion-row\"><div class=\"fusion-layout-column fusion_builder_column fusion-builder-column-3 fusion_builder_column_1_6 1_6 fusion-one-sixth fusion-column-first\" style=\"--awb-bg-size:cover;width:16.666666666667%;width:calc(16.666666666667% - ( ( 4% + 4% ) * 0.16666666666667 ) );margin-right: 4%;\"><div class=\"fusion-column-wrapper fusion-column-has-shadow fusion-flex-column-wrapper-legacy\"><div class=\"fusion-clearfix\"><\/div><\/div><\/div><div class=\"fusion-layout-column fusion_builder_column fusion-builder-column-4 fusion_builder_column_2_3 2_3 fusion-two-third\" style=\"--awb-bg-size:cover;width:66.666666666667%;width:calc(66.666666666667% - ( ( 4% + 4% ) * 0.66666666666667 ) );margin-right: 4%;\"><div class=\"fusion-column-wrapper fusion-column-has-shadow fusion-flex-column-wrapper-legacy\"><div class=\"fusion-title title fusion-title-2 fusion-sep-none fusion-title-center fusion-title-text fusion-title-size-two\" style=\"--awb-margin-top:20px;--awb-margin-bottom:40px;--awb-margin-top-small:0px;--awb-margin-right-small:0px;--awb-margin-bottom-small:0px;--awb-margin-left-small:0px;\"><h2 class=\"fusion-title-heading title-heading-center fusion-responsive-typography-calculated\" style=\"margin:0;--fontSize:60;line-height:1.2;\">Contactez-nous<\/h2><\/div>[caldera_form id=\"CF5e8ecc8bb0ba6\"]<div class=\"fusion-clearfix\"><\/div><\/div><\/div><div class=\"fusion-layout-column fusion_builder_column fusion-builder-column-5 fusion_builder_column_1_6 1_6 fusion-one-sixth fusion-column-last\" style=\"--awb-bg-size:cover;width:16.666666666667%;width:calc(16.666666666667% - ( ( 4% + 4% ) * 0.16666666666667 ) );\"><div class=\"fusion-column-wrapper fusion-column-has-shadow fusion-flex-column-wrapper-legacy\"><div class=\"fusion-clearfix\"><\/div><\/div><\/div><\/div><\/div><\/p>\n","protected":false},"excerpt":{"rendered":"","protected":false},"author":1,"featured_media":0,"parent":0,"menu_order":0,"comment_status":"closed","ping_status":"closed","template":"100-width.php","meta":{"footnotes":""},"class_list":["post-10491","page","type-page","status-publish","hentry"],"_links":{"self":[{"href":"https:\/\/www.analysis.ms\/fr\/wp-json\/wp\/v2\/pages\/10491","targetHints":{"allow":["GET"]}}],"collection":[{"href":"https:\/\/www.analysis.ms\/fr\/wp-json\/wp\/v2\/pages"}],"about":[{"href":"https:\/\/www.analysis.ms\/fr\/wp-json\/wp\/v2\/types\/page"}],"author":[{"embeddable":true,"href":"https:\/\/www.analysis.ms\/fr\/wp-json\/wp\/v2\/users\/1"}],"replies":[{"embeddable":true,"href":"https:\/\/www.analysis.ms\/fr\/wp-json\/wp\/v2\/comments?post=10491"}],"version-history":[{"count":6,"href":"https:\/\/www.analysis.ms\/fr\/wp-json\/wp\/v2\/pages\/10491\/revisions"}],"predecessor-version":[{"id":28663,"href":"https:\/\/www.analysis.ms\/fr\/wp-json\/wp\/v2\/pages\/10491\/revisions\/28663"}],"wp:attachment":[{"href":"https:\/\/www.analysis.ms\/fr\/wp-json\/wp\/v2\/media?parent=10491"}],"curies":[{"name":"wp","href":"https:\/\/api.w.org\/{rel}","templated":true}]}}