{"id":10405,"date":"2020-04-06T11:49:57","date_gmt":"2020-04-06T11:49:57","guid":{"rendered":"https:\/\/www.analysis.ms\/solutions\/"},"modified":"2021-12-26T11:17:10","modified_gmt":"2021-12-26T11:17:10","slug":"solutions","status":"publish","type":"page","link":"https:\/\/www.analysis.ms\/fr\/solutions\/","title":{"rendered":"Solutions"},"content":{"rendered":"<p><div class=\"fusion-fullwidth fullwidth-box fusion-builder-row-1 nonhundred-percent-fullwidth non-hundred-percent-height-scrolling\" style=\"--awb-border-radius-top-left:0px;--awb-border-radius-top-right:0px;--awb-border-radius-bottom-right:0px;--awb-border-radius-bottom-left:0px;--awb-padding-top:51px;--awb-margin-bottom:0px;--awb-flex-wrap:wrap;\" ><div class=\"fusion-builder-row fusion-row\"><div class=\"fusion-layout-column fusion_builder_column fusion-builder-column-0 fusion_builder_column_1_1 1_1 fusion-one-full fusion-column-first fusion-column-last\" style=\"--awb-bg-size:cover;--awb-margin-bottom:50px;\"><div class=\"fusion-column-wrapper fusion-column-has-shadow fusion-flex-column-wrapper-legacy\"><div class=\"fusion-title title fusion-title-1 fusion-sep-none fusion-title-text fusion-title-size-one\" style=\"--awb-margin-top:120px;--awb-margin-top-small:0px;--awb-margin-right-small:0px;--awb-margin-bottom-small:0px;--awb-margin-left-small:0px;\"><h1 class=\"fusion-title-heading title-heading-left fusion-responsive-typography-calculated\" style=\"margin:0;--fontSize:65;line-height:1.16;\">Domaines d&rsquo;Expertise<\/h1><\/div><div class=\"fusion-clearfix\"><\/div><\/div><\/div><\/div><\/div><div class=\"fusion-fullwidth fullwidth-box fusion-builder-row-2 fusion-flex-container nonhundred-percent-fullwidth non-hundred-percent-height-scrolling\" style=\"--awb-border-radius-top-left:0px;--awb-border-radius-top-right:0px;--awb-border-radius-bottom-right:0px;--awb-border-radius-bottom-left:0px;--awb-flex-wrap:wrap;\" ><div class=\"fusion-builder-row fusion-row fusion-flex-align-items-flex-start fusion-flex-content-wrap\" style=\"max-width:1248px;margin-left: calc(-4% \/ 2 );margin-right: calc(-4% \/ 2 );\"><div class=\"fusion-layout-column fusion_builder_column fusion-builder-column-1 fusion_builder_column_1_3 1_3 fusion-flex-column fusion-flex-align-self-stretch\" style=\"--awb-bg-size:cover;--awb-width-large:33.333333333333%;--awb-margin-top-large:0px;--awb-spacing-right-large:5.76%;--awb-margin-bottom-large:20px;--awb-spacing-left-large:5.76%;--awb-width-medium:100%;--awb-order-medium:0;--awb-spacing-right-medium:1.92%;--awb-spacing-left-medium:1.92%;--awb-width-small:100%;--awb-order-small:0;--awb-spacing-right-small:1.92%;--awb-spacing-left-small:1.92%;\"><div class=\"fusion-column-wrapper fusion-column-has-shadow fusion-flex-justify-content-space-between fusion-content-layout-column\"><div class=\"fusion-image-element \" style=\"--awb-caption-title-font-family:var(--h2_typography-font-family);--awb-caption-title-font-weight:var(--h2_typography-font-weight);--awb-caption-title-font-style:var(--h2_typography-font-style);--awb-caption-title-size:var(--h2_typography-font-size);--awb-caption-title-transform:var(--h2_typography-text-transform);--awb-caption-title-line-height:var(--h2_typography-line-height);--awb-caption-title-letter-spacing:var(--h2_typography-letter-spacing);\"><span class=\" fusion-imageframe imageframe-none imageframe-1 hover-type-none\"><img decoding=\"async\" width=\"1024\" height=\"681\" title=\"AUDIENCE 1 MEDIA\" data-src=\"https:\/\/www.analysis.ms\/wp-content\/uploads\/2021\/12\/AUDIENCE-1-MEDIA-1024x681.jpg\" alt class=\"img-responsive wp-image-19948 lazyload\" data-srcset=\"https:\/\/www.analysis.ms\/wp-content\/uploads\/2021\/12\/AUDIENCE-1-MEDIA-200x133.jpg 200w, https:\/\/www.analysis.ms\/wp-content\/uploads\/2021\/12\/AUDIENCE-1-MEDIA-400x266.jpg 400w, https:\/\/www.analysis.ms\/wp-content\/uploads\/2021\/12\/AUDIENCE-1-MEDIA-600x399.jpg 600w, https:\/\/www.analysis.ms\/wp-content\/uploads\/2021\/12\/AUDIENCE-1-MEDIA-800x532.jpg 800w, https:\/\/www.analysis.ms\/wp-content\/uploads\/2021\/12\/AUDIENCE-1-MEDIA-1200x799.jpg 1200w\" data-sizes=\"(max-width: 1024px) 100vw, (max-width: 640px) 100vw, 400px\" src=\"data:image\/svg+xml;base64,PHN2ZyB3aWR0aD0iMSIgaGVpZ2h0PSIxIiB4bWxucz0iaHR0cDovL3d3dy53My5vcmcvMjAwMC9zdmciPjwvc3ZnPg==\" style=\"--smush-placeholder-width: 1024px; --smush-placeholder-aspect-ratio: 1024\/681;\" \/><\/span><\/div><div class=\"fusion-title title fusion-title-2 fusion-sep-none fusion-title-center fusion-title-text fusion-title-size-three\" style=\"--awb-margin-top:15px;--awb-margin-bottom:10px;--awb-margin-top-small:0px;--awb-margin-right-small:0px;--awb-margin-bottom-small:0px;--awb-margin-left-small:0px;\"><h3 class=\"fusion-title-heading title-heading-center fusion-responsive-typography-calculated\" style=\"margin:0;--fontSize:32;line-height:1.3;\">Audience &#038; Media<\/h3><\/div><div class=\"fusion-text fusion-text-1\"><p style=\"text-align: center;\">Comprendre votre audience pour mieux optimiser vos strat\u00e9gies marketing et communication.<\/p>\n<\/div><div style=\"text-align:center;\"><a class=\"fusion-button button-flat fusion-button-default-size button-default fusion-button-default button-1 fusion-button-default-span fusion-button-default-type\" target=\"_self\" href=\"https:\/\/www.analysis.ms\/fr\/solutions-audience-insights\/\"><span class=\"fusion-button-text awb-button__text awb-button__text--default\">En Savoir Plus<\/span><\/a><\/div><\/div><\/div><div class=\"fusion-layout-column fusion_builder_column fusion-builder-column-2 fusion_builder_column_1_3 1_3 fusion-flex-column fusion-flex-align-self-stretch\" style=\"--awb-bg-size:cover;--awb-width-large:33.333333333333%;--awb-margin-top-large:0px;--awb-spacing-right-large:5.76%;--awb-margin-bottom-large:20px;--awb-spacing-left-large:5.76%;--awb-width-medium:100%;--awb-order-medium:0;--awb-spacing-right-medium:1.92%;--awb-spacing-left-medium:1.92%;--awb-width-small:100%;--awb-order-small:0;--awb-spacing-right-small:1.92%;--awb-spacing-left-small:1.92%;\"><div class=\"fusion-column-wrapper fusion-column-has-shadow fusion-flex-justify-content-space-between fusion-content-layout-column\"><div class=\"fusion-image-element \" style=\"--awb-caption-title-font-family:var(--h2_typography-font-family);--awb-caption-title-font-weight:var(--h2_typography-font-weight);--awb-caption-title-font-style:var(--h2_typography-font-style);--awb-caption-title-size:var(--h2_typography-font-size);--awb-caption-title-transform:var(--h2_typography-text-transform);--awb-caption-title-line-height:var(--h2_typography-line-height);--awb-caption-title-letter-spacing:var(--h2_typography-letter-spacing);\"><span class=\" fusion-imageframe imageframe-none imageframe-2 hover-type-none\"><img decoding=\"async\" width=\"1024\" height=\"682\" title=\"CONSUMER BEHAVIOUR\" data-src=\"https:\/\/www.analysis.ms\/wp-content\/uploads\/2021\/12\/CONSUMER-BEHAVIOUR-1024x682.jpg\" alt class=\"img-responsive wp-image-19946 lazyload\" data-srcset=\"https:\/\/www.analysis.ms\/wp-content\/uploads\/2021\/12\/CONSUMER-BEHAVIOUR-200x133.jpg 200w, https:\/\/www.analysis.ms\/wp-content\/uploads\/2021\/12\/CONSUMER-BEHAVIOUR-400x267.jpg 400w, https:\/\/www.analysis.ms\/wp-content\/uploads\/2021\/12\/CONSUMER-BEHAVIOUR-600x400.jpg 600w, https:\/\/www.analysis.ms\/wp-content\/uploads\/2021\/12\/CONSUMER-BEHAVIOUR-800x533.jpg 800w, https:\/\/www.analysis.ms\/wp-content\/uploads\/2021\/12\/CONSUMER-BEHAVIOUR-1200x800.jpg 1200w\" data-sizes=\"(max-width: 1024px) 100vw, (max-width: 640px) 100vw, 400px\" src=\"data:image\/svg+xml;base64,PHN2ZyB3aWR0aD0iMSIgaGVpZ2h0PSIxIiB4bWxucz0iaHR0cDovL3d3dy53My5vcmcvMjAwMC9zdmciPjwvc3ZnPg==\" style=\"--smush-placeholder-width: 1024px; --smush-placeholder-aspect-ratio: 1024\/682;\" \/><\/span><\/div><div class=\"fusion-title title fusion-title-3 fusion-sep-none fusion-title-center fusion-title-text fusion-title-size-three\" style=\"--awb-margin-top:15px;--awb-margin-bottom:10px;--awb-margin-top-small:0px;--awb-margin-right-small:0px;--awb-margin-bottom-small:0px;--awb-margin-left-small:0px;\"><h3 class=\"fusion-title-heading title-heading-center fusion-responsive-typography-calculated\" style=\"margin:0;--fontSize:32;line-height:1.3;\">Consumer &#038; Trends<\/h3><\/div><div class=\"fusion-text fusion-text-2\"><p style=\"text-align: center;\">Understand your current and potential consumers through our on-demand solutions<\/p>\n<\/div><div style=\"text-align:center;\"><a class=\"fusion-button button-flat fusion-button-default-size button-default fusion-button-default button-2 fusion-button-default-span fusion-button-default-type\" target=\"_self\" href=\"https:\/\/www.analysis.ms\/solutions-consumer-insights\/\"><span class=\"fusion-button-text awb-button__text awb-button__text--default\">En Savoir Plus<\/span><\/a><\/div><\/div><\/div><div class=\"fusion-layout-column fusion_builder_column fusion-builder-column-3 fusion_builder_column_1_3 1_3 fusion-flex-column fusion-flex-align-self-stretch\" style=\"--awb-bg-size:cover;--awb-width-large:33.333333333333%;--awb-margin-top-large:0px;--awb-spacing-right-large:5.76%;--awb-margin-bottom-large:20px;--awb-spacing-left-large:5.76%;--awb-width-medium:100%;--awb-order-medium:0;--awb-spacing-right-medium:1.92%;--awb-spacing-left-medium:1.92%;--awb-width-small:100%;--awb-order-small:0;--awb-spacing-right-small:1.92%;--awb-spacing-left-small:1.92%;\"><div class=\"fusion-column-wrapper fusion-column-has-shadow fusion-flex-justify-content-space-between fusion-content-layout-column\"><div class=\"fusion-image-element \" style=\"--awb-caption-title-font-family:var(--h2_typography-font-family);--awb-caption-title-font-weight:var(--h2_typography-font-weight);--awb-caption-title-font-style:var(--h2_typography-font-style);--awb-caption-title-size:var(--h2_typography-font-size);--awb-caption-title-transform:var(--h2_typography-text-transform);--awb-caption-title-line-height:var(--h2_typography-line-height);--awb-caption-title-letter-spacing:var(--h2_typography-letter-spacing);\"><span class=\" fusion-imageframe imageframe-none imageframe-3 hover-type-none\"><img decoding=\"async\" width=\"1024\" height=\"682\" title=\"RETAIL 1 SHOPPER\" data-src=\"https:\/\/www.analysis.ms\/wp-content\/uploads\/2021\/12\/RETAIL-1-SHOPPER-1024x682.jpg\" alt class=\"img-responsive wp-image-19944 lazyload\" data-srcset=\"https:\/\/www.analysis.ms\/wp-content\/uploads\/2021\/12\/RETAIL-1-SHOPPER-200x133.jpg 200w, https:\/\/www.analysis.ms\/wp-content\/uploads\/2021\/12\/RETAIL-1-SHOPPER-400x267.jpg 400w, https:\/\/www.analysis.ms\/wp-content\/uploads\/2021\/12\/RETAIL-1-SHOPPER-600x400.jpg 600w, https:\/\/www.analysis.ms\/wp-content\/uploads\/2021\/12\/RETAIL-1-SHOPPER-800x533.jpg 800w, https:\/\/www.analysis.ms\/wp-content\/uploads\/2021\/12\/RETAIL-1-SHOPPER-1200x800.jpg 1200w\" data-sizes=\"(max-width: 1024px) 100vw, (max-width: 640px) 100vw, 400px\" src=\"data:image\/svg+xml;base64,PHN2ZyB3aWR0aD0iMSIgaGVpZ2h0PSIxIiB4bWxucz0iaHR0cDovL3d3dy53My5vcmcvMjAwMC9zdmciPjwvc3ZnPg==\" style=\"--smush-placeholder-width: 1024px; --smush-placeholder-aspect-ratio: 1024\/682;\" \/><\/span><\/div><div class=\"fusion-title title fusion-title-4 fusion-sep-none fusion-title-center fusion-title-text fusion-title-size-three\" style=\"--awb-margin-top:15px;--awb-margin-bottom:10px;--awb-margin-top-small:0px;--awb-margin-right-small:0px;--awb-margin-bottom-small:0px;--awb-margin-left-small:0px;\"><h3 class=\"fusion-title-heading title-heading-center fusion-responsive-typography-calculated\" style=\"margin:0;--fontSize:32;line-height:1.3;\">Retail &#038; Shopper<\/h3><\/div><div class=\"fusion-text fusion-text-3\"><p style=\"text-align: center;\">Nous analysons la performance de votre marque contre celle de vos comp\u00e9titeurs en fonction du comportement d\u2019achat des consommateurs.<\/p>\n<\/div><div style=\"text-align:center;\"><a class=\"fusion-button button-flat fusion-button-default-size button-default fusion-button-default button-3 fusion-button-default-span fusion-button-default-type\" target=\"_self\" href=\"https:\/\/www.analysis.ms\/fr\/solutions-retail-shopper-insights\/\"><span class=\"fusion-button-text awb-button__text awb-button__text--default\">En Savoir Plus<\/span><\/a><\/div><\/div><\/div><\/div><\/div><div class=\"fusion-fullwidth fullwidth-box fusion-builder-row-3 fusion-flex-container nonhundred-percent-fullwidth non-hundred-percent-height-scrolling\" style=\"--awb-border-radius-top-left:0px;--awb-border-radius-top-right:0px;--awb-border-radius-bottom-right:0px;--awb-border-radius-bottom-left:0px;--awb-margin-top:54px;--awb-margin-bottom:53px;--awb-flex-wrap:wrap;\" ><div class=\"fusion-builder-row fusion-row fusion-flex-align-items-flex-start fusion-flex-content-wrap\" style=\"max-width:1248px;margin-left: calc(-4% \/ 2 );margin-right: calc(-4% \/ 2 );\"><div class=\"fusion-layout-column fusion_builder_column fusion-builder-column-4 fusion_builder_column_1_3 1_3 fusion-flex-column fusion-flex-align-self-stretch\" style=\"--awb-bg-size:cover;--awb-width-large:33.333333333333%;--awb-margin-top-large:0px;--awb-spacing-right-large:5.76%;--awb-margin-bottom-large:20px;--awb-spacing-left-large:5.76%;--awb-width-medium:100%;--awb-order-medium:0;--awb-spacing-right-medium:1.92%;--awb-spacing-left-medium:1.92%;--awb-width-small:100%;--awb-order-small:0;--awb-spacing-right-small:1.92%;--awb-spacing-left-small:1.92%;\"><div class=\"fusion-column-wrapper fusion-column-has-shadow fusion-flex-justify-content-space-between fusion-content-layout-column\"><div class=\"fusion-image-element \" style=\"--awb-caption-title-font-family:var(--h2_typography-font-family);--awb-caption-title-font-weight:var(--h2_typography-font-weight);--awb-caption-title-font-style:var(--h2_typography-font-style);--awb-caption-title-size:var(--h2_typography-font-size);--awb-caption-title-transform:var(--h2_typography-text-transform);--awb-caption-title-line-height:var(--h2_typography-line-height);--awb-caption-title-letter-spacing:var(--h2_typography-letter-spacing);\"><span class=\" fusion-imageframe imageframe-none imageframe-4 hover-type-none\"><img decoding=\"async\" width=\"1024\" height=\"682\" title=\"BRAND IMAGE &#038; REPUTATION\" data-src=\"https:\/\/www.analysis.ms\/wp-content\/uploads\/2021\/12\/BRAND-IMAGE-REPUTATION-1024x682.jpg\" alt class=\"img-responsive wp-image-19942 lazyload\" data-srcset=\"https:\/\/www.analysis.ms\/wp-content\/uploads\/2021\/12\/BRAND-IMAGE-REPUTATION-200x133.jpg 200w, https:\/\/www.analysis.ms\/wp-content\/uploads\/2021\/12\/BRAND-IMAGE-REPUTATION-400x267.jpg 400w, https:\/\/www.analysis.ms\/wp-content\/uploads\/2021\/12\/BRAND-IMAGE-REPUTATION-600x400.jpg 600w, https:\/\/www.analysis.ms\/wp-content\/uploads\/2021\/12\/BRAND-IMAGE-REPUTATION-800x533.jpg 800w, https:\/\/www.analysis.ms\/wp-content\/uploads\/2021\/12\/BRAND-IMAGE-REPUTATION-1200x800.jpg 1200w\" data-sizes=\"(max-width: 1024px) 100vw, (max-width: 640px) 100vw, 400px\" src=\"data:image\/svg+xml;base64,PHN2ZyB3aWR0aD0iMSIgaGVpZ2h0PSIxIiB4bWxucz0iaHR0cDovL3d3dy53My5vcmcvMjAwMC9zdmciPjwvc3ZnPg==\" style=\"--smush-placeholder-width: 1024px; --smush-placeholder-aspect-ratio: 1024\/682;\" \/><\/span><\/div><div class=\"fusion-title title fusion-title-5 fusion-sep-none fusion-title-center fusion-title-text fusion-title-size-three\" style=\"--awb-margin-top:15px;--awb-margin-bottom:10px;--awb-margin-top-small:0px;--awb-margin-right-small:0px;--awb-margin-bottom-small:0px;--awb-margin-left-small:0px;\"><h3 class=\"fusion-title-heading title-heading-center fusion-responsive-typography-calculated\" style=\"margin:0;--fontSize:32;line-height:1.3;\">Image de Marque et Notori\u00e9t\u00e9<\/h3><\/div><div class=\"fusion-text fusion-text-4\"><p style=\"text-align: center;\">Perception de la marque par vos consommateurs.<\/p>\n<\/div><div style=\"text-align:center;\"><a class=\"fusion-button button-flat fusion-button-default-size button-custom fusion-button-default button-4 fusion-button-default-span fusion-button-default-type\" style=\"--button_accent_color:#ffffff;--button_accent_hover_color:#ffffff;--button_border_hover_color:#ffffff;--button_gradient_top_color:#000000;--button_gradient_bottom_color:#000000;--button_gradient_top_color_hover:#686868;--button_gradient_bottom_color_hover:#686868;\" target=\"_self\" href=\"https:\/\/www.analysis.ms\/fr\/solutions-brand-image-reputation\/\"><span class=\"fusion-button-text awb-button__text awb-button__text--default\">En Savoir Plus<\/span><\/a><\/div><\/div><\/div><div class=\"fusion-layout-column fusion_builder_column fusion-builder-column-5 fusion_builder_column_1_3 1_3 fusion-flex-column fusion-flex-align-self-stretch\" style=\"--awb-bg-size:cover;--awb-width-large:33.333333333333%;--awb-margin-top-large:0px;--awb-spacing-right-large:5.76%;--awb-margin-bottom-large:20px;--awb-spacing-left-large:5.76%;--awb-width-medium:100%;--awb-order-medium:0;--awb-spacing-right-medium:1.92%;--awb-spacing-left-medium:1.92%;--awb-width-small:100%;--awb-order-small:0;--awb-spacing-right-small:1.92%;--awb-spacing-left-small:1.92%;\"><div class=\"fusion-column-wrapper fusion-column-has-shadow fusion-flex-justify-content-space-between fusion-content-layout-column\"><div class=\"fusion-image-element \" style=\"--awb-caption-title-font-family:var(--h2_typography-font-family);--awb-caption-title-font-weight:var(--h2_typography-font-weight);--awb-caption-title-font-style:var(--h2_typography-font-style);--awb-caption-title-size:var(--h2_typography-font-size);--awb-caption-title-transform:var(--h2_typography-text-transform);--awb-caption-title-line-height:var(--h2_typography-line-height);--awb-caption-title-letter-spacing:var(--h2_typography-letter-spacing);\"><span class=\" fusion-imageframe imageframe-none imageframe-5 hover-type-none\"><img decoding=\"async\" width=\"1024\" height=\"682\" title=\"CUSTOMER EXTPERIENCE_2\" data-src=\"https:\/\/www.analysis.ms\/wp-content\/uploads\/2021\/12\/CUSTOMER-EXTPERIENCE_2-1-1024x682.jpg\" alt class=\"img-responsive wp-image-19954 lazyload\" data-srcset=\"https:\/\/www.analysis.ms\/wp-content\/uploads\/2021\/12\/CUSTOMER-EXTPERIENCE_2-1-200x133.jpg 200w, https:\/\/www.analysis.ms\/wp-content\/uploads\/2021\/12\/CUSTOMER-EXTPERIENCE_2-1-400x267.jpg 400w, https:\/\/www.analysis.ms\/wp-content\/uploads\/2021\/12\/CUSTOMER-EXTPERIENCE_2-1-600x400.jpg 600w, https:\/\/www.analysis.ms\/wp-content\/uploads\/2021\/12\/CUSTOMER-EXTPERIENCE_2-1-800x533.jpg 800w, https:\/\/www.analysis.ms\/wp-content\/uploads\/2021\/12\/CUSTOMER-EXTPERIENCE_2-1-1200x800.jpg 1200w\" data-sizes=\"(max-width: 1024px) 100vw, (max-width: 640px) 100vw, 400px\" src=\"data:image\/svg+xml;base64,PHN2ZyB3aWR0aD0iMSIgaGVpZ2h0PSIxIiB4bWxucz0iaHR0cDovL3d3dy53My5vcmcvMjAwMC9zdmciPjwvc3ZnPg==\" style=\"--smush-placeholder-width: 1024px; --smush-placeholder-aspect-ratio: 1024\/682;\" \/><\/span><\/div><div class=\"fusion-title title fusion-title-6 fusion-sep-none fusion-title-center fusion-title-text fusion-title-size-three\" style=\"--awb-margin-top:15px;--awb-margin-bottom:10px;--awb-margin-top-small:0px;--awb-margin-right-small:0px;--awb-margin-bottom-small:0px;--awb-margin-left-small:0px;\"><h3 class=\"fusion-title-heading title-heading-center fusion-responsive-typography-calculated\" style=\"margin:0;--fontSize:32;line-height:1.3;\">Exp\u00e9rience client<\/h3><\/div><div class=\"fusion-text fusion-text-5\"><p style=\"text-align: center;\">Strat\u00e9gie gagnante avec une relation client exceptionnelle.<\/p>\n<\/div><div style=\"text-align:center;\"><a class=\"fusion-button button-flat fusion-button-default-size button-default fusion-button-default button-5 fusion-button-default-span fusion-button-default-type\" target=\"_self\" href=\"https:\/\/www.analysis.ms\/fr\/solutions-experience-client\/\"><span class=\"fusion-button-text awb-button__text awb-button__text--default\">En Savoir Plus<\/span><\/a><\/div><\/div><\/div><div class=\"fusion-layout-column fusion_builder_column fusion-builder-column-6 fusion_builder_column_1_3 1_3 fusion-flex-column fusion-flex-align-self-stretch\" style=\"--awb-bg-size:cover;--awb-width-large:33.333333333333%;--awb-margin-top-large:0px;--awb-spacing-right-large:5.76%;--awb-margin-bottom-large:20px;--awb-spacing-left-large:5.76%;--awb-width-medium:100%;--awb-order-medium:0;--awb-spacing-right-medium:1.92%;--awb-spacing-left-medium:1.92%;--awb-width-small:100%;--awb-order-small:0;--awb-spacing-right-small:1.92%;--awb-spacing-left-small:1.92%;\"><div class=\"fusion-column-wrapper fusion-column-has-shadow fusion-flex-justify-content-space-between fusion-content-layout-column\"><div class=\"fusion-image-element \" style=\"--awb-caption-title-font-family:var(--h2_typography-font-family);--awb-caption-title-font-weight:var(--h2_typography-font-weight);--awb-caption-title-font-style:var(--h2_typography-font-style);--awb-caption-title-size:var(--h2_typography-font-size);--awb-caption-title-transform:var(--h2_typography-text-transform);--awb-caption-title-line-height:var(--h2_typography-line-height);--awb-caption-title-letter-spacing:var(--h2_typography-letter-spacing);\"><span class=\" fusion-imageframe imageframe-none imageframe-6 hover-type-none\"><img decoding=\"async\" width=\"1024\" height=\"683\" title=\"EMPLOYEE ENGAGEMENT INCLUSIVITY\" data-src=\"https:\/\/www.analysis.ms\/wp-content\/uploads\/2021\/12\/EMPLOYEE-ENGAGEMENT-INCLUSIVITY-1024x683.jpg\" alt class=\"img-responsive wp-image-19938 lazyload\" data-srcset=\"https:\/\/www.analysis.ms\/wp-content\/uploads\/2021\/12\/EMPLOYEE-ENGAGEMENT-INCLUSIVITY-200x133.jpg 200w, https:\/\/www.analysis.ms\/wp-content\/uploads\/2021\/12\/EMPLOYEE-ENGAGEMENT-INCLUSIVITY-400x267.jpg 400w, https:\/\/www.analysis.ms\/wp-content\/uploads\/2021\/12\/EMPLOYEE-ENGAGEMENT-INCLUSIVITY-600x400.jpg 600w, https:\/\/www.analysis.ms\/wp-content\/uploads\/2021\/12\/EMPLOYEE-ENGAGEMENT-INCLUSIVITY-800x533.jpg 800w, https:\/\/www.analysis.ms\/wp-content\/uploads\/2021\/12\/EMPLOYEE-ENGAGEMENT-INCLUSIVITY-1200x800.jpg 1200w\" data-sizes=\"(max-width: 1024px) 100vw, (max-width: 640px) 100vw, 400px\" src=\"data:image\/svg+xml;base64,PHN2ZyB3aWR0aD0iMSIgaGVpZ2h0PSIxIiB4bWxucz0iaHR0cDovL3d3dy53My5vcmcvMjAwMC9zdmciPjwvc3ZnPg==\" style=\"--smush-placeholder-width: 1024px; --smush-placeholder-aspect-ratio: 1024\/683;\" \/><\/span><\/div><div class=\"fusion-title title fusion-title-7 fusion-sep-none fusion-title-center fusion-title-text fusion-title-size-three\" style=\"--awb-margin-top:15px;--awb-margin-bottom:10px;--awb-margin-top-small:0px;--awb-margin-right-small:0px;--awb-margin-bottom-small:0px;--awb-margin-left-small:0px;\"><h3 class=\"fusion-title-heading title-heading-center fusion-responsive-typography-calculated\" style=\"margin:0;--fontSize:32;line-height:1.3;\">Engagement Collaborateurs<\/h3><\/div><div class=\"fusion-text fusion-text-6\"><p style=\"text-align: center;\">Pour cr\u00e9er des exp\u00e9riences positives et m\u00e9morables pour vos collaborateurs, qui leur permettront de nourrir votre relation-employeur et d\u2019entretenir la relation-client.<\/p>\n<\/div><div style=\"text-align:center;\"><a class=\"fusion-button button-flat fusion-button-default-size button-default fusion-button-default button-6 fusion-button-default-span fusion-button-default-type\" target=\"_self\" href=\"https:\/\/www.analysis.ms\/fr\/solutions-etude-engagement-employes\/\"><span class=\"fusion-button-text awb-button__text awb-button__text--default\">En Savoir Plus<\/span><\/a><\/div><\/div><\/div><\/div><\/div><\/p>\n","protected":false},"excerpt":{"rendered":"","protected":false},"author":1,"featured_media":0,"parent":0,"menu_order":0,"comment_status":"closed","ping_status":"closed","template":"100-width.php","meta":{"footnotes":""},"class_list":["post-10405","page","type-page","status-publish","hentry"],"_links":{"self":[{"href":"https:\/\/www.analysis.ms\/fr\/wp-json\/wp\/v2\/pages\/10405","targetHints":{"allow":["GET"]}}],"collection":[{"href":"https:\/\/www.analysis.ms\/fr\/wp-json\/wp\/v2\/pages"}],"about":[{"href":"https:\/\/www.analysis.ms\/fr\/wp-json\/wp\/v2\/types\/page"}],"author":[{"embeddable":true,"href":"https:\/\/www.analysis.ms\/fr\/wp-json\/wp\/v2\/users\/1"}],"replies":[{"embeddable":true,"href":"https:\/\/www.analysis.ms\/fr\/wp-json\/wp\/v2\/comments?post=10405"}],"version-history":[{"count":6,"href":"https:\/\/www.analysis.ms\/fr\/wp-json\/wp\/v2\/pages\/10405\/revisions"}],"predecessor-version":[{"id":20938,"href":"https:\/\/www.analysis.ms\/fr\/wp-json\/wp\/v2\/pages\/10405\/revisions\/20938"}],"wp:attachment":[{"href":"https:\/\/www.analysis.ms\/fr\/wp-json\/wp\/v2\/media?parent=10405"}],"curies":[{"name":"wp","href":"https:\/\/api.w.org\/{rel}","templated":true}]}}