{"id":10394,"date":"2020-04-06T05:42:26","date_gmt":"2020-04-06T05:42:26","guid":{"rendered":"https:\/\/www.analysis.ms\/solutions-brand-image-reputation\/"},"modified":"2021-04-08T09:28:00","modified_gmt":"2021-04-08T09:28:00","slug":"solutions-brand-image-reputation","status":"publish","type":"page","link":"https:\/\/www.analysis.ms\/fr\/solutions-brand-image-reputation\/","title":{"rendered":"Solutions \u2013 Brand Image &#038; Reputation"},"content":{"rendered":"<p><div class=\"fusion-fullwidth fullwidth-box fusion-builder-row-1 nonhundred-percent-fullwidth non-hundred-percent-height-scrolling\" style=\"--awb-border-radius-top-left:0px;--awb-border-radius-top-right:0px;--awb-border-radius-bottom-right:0px;--awb-border-radius-bottom-left:0px;--awb-padding-top:50px;--awb-flex-wrap:wrap;\" ><div class=\"fusion-builder-row fusion-row\"><div class=\"fusion-layout-column fusion_builder_column fusion-builder-column-0 fusion_builder_column_1_2 1_2 fusion-one-half fusion-column-first\" style=\"--awb-bg-size:cover;width:50%;width:calc(50% - ( ( 4% ) * 0.5 ) );margin-right: 4%;\"><div class=\"fusion-column-wrapper fusion-column-has-shadow fusion-flex-column-wrapper-legacy\"><div class=\"fusion-title title fusion-title-1 fusion-sep-none fusion-title-text fusion-title-size-one\" style=\"--awb-margin-top:120px;--awb-margin-bottom:20px;--awb-margin-top-small:0px;--awb-margin-right-small:0px;--awb-margin-bottom-small:0px;--awb-margin-left-small:0px;\"><h1 class=\"fusion-title-heading title-heading-left fusion-responsive-typography-calculated\" style=\"margin:0;--fontSize:65;line-height:1.16;\">Image de Marque et Notori\u00e9t\u00e9<\/h1><\/div><div class=\"fusion-title title fusion-title-2 fusion-sep-none fusion-title-text fusion-title-size-four\" style=\"--awb-margin-bottom:20px;--awb-margin-right-small:0px;--awb-margin-bottom-small:;--awb-margin-left-small:0px;\"><h4 class=\"fusion-title-heading title-heading-left fusion-responsive-typography-calculated\" style=\"margin:0;--fontSize:28;line-height:1.36;\">Perception de la marque par vos consommateurs.<\/h4><\/div><div class=\"fusion-text fusion-text-1\"><p>Il est important de comprendre comment votre marque est per\u00e7ue afin d&rsquo;aligner vos strat\u00e9gies \u00e0 court et long termes. La perception des consommateurs vous permet de d\u00e9terminer si la promesse de la marque est tenue et de renforcer le positionnement de votre marque.<\/p>\n<\/div><div class=\"fusion-clearfix\"><\/div><\/div><\/div><div class=\"fusion-layout-column fusion_builder_column fusion-builder-column-1 fusion_builder_column_1_2 1_2 fusion-one-half fusion-column-last\" style=\"--awb-bg-size:cover;--awb-margin-top:120px;width:50%;width:calc(50% - ( ( 4% ) * 0.5 ) );\"><div class=\"fusion-column-wrapper fusion-column-has-shadow fusion-flex-column-wrapper-legacy\"><div class=\"fusion-image-element in-legacy-container\" style=\"--awb-caption-title-font-family:var(--h2_typography-font-family);--awb-caption-title-font-weight:var(--h2_typography-font-weight);--awb-caption-title-font-style:var(--h2_typography-font-style);--awb-caption-title-size:var(--h2_typography-font-size);--awb-caption-title-transform:var(--h2_typography-text-transform);--awb-caption-title-line-height:var(--h2_typography-line-height);--awb-caption-title-letter-spacing:var(--h2_typography-letter-spacing);\"><span class=\" fusion-imageframe imageframe-none imageframe-1 hover-type-none\"><img decoding=\"async\" width=\"1024\" height=\"682\" title=\"GettyImages-1135892873-1-1024&#215;682\" data-src=\"https:\/\/www.analysis.ms\/wp-content\/uploads\/2020\/04\/GettyImages-1135892873-1-1024x682-1.jpg\" alt class=\"img-responsive wp-image-9630 lazyload\" data-srcset=\"https:\/\/www.analysis.ms\/wp-content\/uploads\/2020\/04\/GettyImages-1135892873-1-1024x682-1-200x133.jpg 200w, https:\/\/www.analysis.ms\/wp-content\/uploads\/2020\/04\/GettyImages-1135892873-1-1024x682-1-400x266.jpg 400w, https:\/\/www.analysis.ms\/wp-content\/uploads\/2020\/04\/GettyImages-1135892873-1-1024x682-1-600x400.jpg 600w, https:\/\/www.analysis.ms\/wp-content\/uploads\/2020\/04\/GettyImages-1135892873-1-1024x682-1-800x533.jpg 800w, https:\/\/www.analysis.ms\/wp-content\/uploads\/2020\/04\/GettyImages-1135892873-1-1024x682-1.jpg 1024w\" data-sizes=\"(max-width: 800px) 100vw, 600px\" src=\"data:image\/svg+xml;base64,PHN2ZyB3aWR0aD0iMSIgaGVpZ2h0PSIxIiB4bWxucz0iaHR0cDovL3d3dy53My5vcmcvMjAwMC9zdmciPjwvc3ZnPg==\" style=\"--smush-placeholder-width: 1024px; --smush-placeholder-aspect-ratio: 1024\/682;\" \/><\/span><\/div><div class=\"fusion-clearfix\"><\/div><\/div><\/div><\/div><\/div><div class=\"fusion-fullwidth fullwidth-box fusion-builder-row-2 nonhundred-percent-fullwidth non-hundred-percent-height-scrolling\" style=\"--awb-border-radius-top-left:0px;--awb-border-radius-top-right:0px;--awb-border-radius-bottom-right:0px;--awb-border-radius-bottom-left:0px;--awb-padding-top:50px;--awb-margin-bottom:70px;--awb-flex-wrap:wrap;\" ><div class=\"fusion-builder-row fusion-row\"><div class=\"fusion-layout-column fusion_builder_column fusion-builder-column-2 fusion_builder_column_3_4 3_4 fusion-three-fourth fusion-column-first\" style=\"--awb-bg-size:cover;width:75%;width:calc(75% - ( ( 4% ) * 0.75 ) );margin-right: 4%;\"><div class=\"fusion-column-wrapper fusion-column-has-shadow fusion-flex-column-wrapper-legacy\"><div class=\"accordian fusion-accordian\" style=\"--awb-border-size:1px;--awb-icon-size:34px;--awb-content-font-size:18px;--awb-icon-alignment:right;--awb-hover-color:#f9f9f9;--awb-border-color:#cccccc;--awb-background-color:#ffffff;--awb-divider-color:#e0dede;--awb-divider-hover-color:#e0dede;--awb-icon-color:#e5e5e5;--awb-title-color:#999999;--awb-content-color:#4a4e57;--awb-icon-box-color:#ffffff;--awb-toggle-hover-accent-color:#ff5000;--awb-title-font-family:&quot;Quicksand&quot;;--awb-title-font-weight:300;--awb-title-font-style:normal;--awb-title-font-size:30px;--awb-content-font-family:&quot;Quicksand&quot;;--awb-content-font-style:normal;--awb-content-font-weight:400;\"><div class=\"panel-group fusion-toggle-icon-right fusion-toggle-icon-unboxed\" id=\"accordion-10394-1\"><div class=\"fusion-panel panel-default panel-ad41d5fa9d6b1b3f7 fusion-toggle-has-divider\"><div class=\"panel-heading\"><h4 class=\"panel-title toggle\" id=\"toggle_ad41d5fa9d6b1b3f7\"><a aria-expanded=\"false\" aria-controls=\"ad41d5fa9d6b1b3f7\" role=\"button\" data-toggle=\"collapse\" data-parent=\"#accordion-10394-1\" data-target=\"#ad41d5fa9d6b1b3f7\" href=\"#ad41d5fa9d6b1b3f7\"><span class=\"fusion-toggle-icon-wrapper\" aria-hidden=\"true\"><i class=\"fa-fusion-box active-icon awb-icon-minus\" aria-hidden=\"true\"><\/i><i class=\"fa-fusion-box inactive-icon awb-icon-plus\" aria-hidden=\"true\"><\/i><\/span><span class=\"fusion-toggle-heading\">NEEDSCOPE<\/span><\/a><\/h4><\/div><div id=\"ad41d5fa9d6b1b3f7\" class=\"panel-collapse collapse \" aria-labelledby=\"toggle_ad41d5fa9d6b1b3f7\"><div class=\"panel-body toggle-content fusion-clearfix\">\n<div style=\"margin-top: 10px; margin-bottom: 40px;\">\n<p>NeedScope est un outil innovant con\u00e7u par Kantar permettant de diff\u00e9rencier votre marque gr\u00e2ce au potentiel des \u00e9motions et des arch\u00e9types pour construire une marque irr\u00e9sistible. A travers NeedScope, l&rsquo;outil vous permet de renforcer votre positionnement et d&rsquo;offrir aux clients une exp\u00e9rience de marque coh\u00e9rentes sur tous les touchpoints.<\/p>\n<div class=\"fusion-button-wrapper\"><a class=\"fusion-button button-flat fusion-button-default-size button-custom fusion-button-default button-1 fusion-button-default-span fusion-button-default-type\" style=\"--button_accent_color:#ffffff;--button_accent_hover_color:#ffffff;--button_border_hover_color:#ffffff;--button_gradient_top_color:#000000;--button_gradient_bottom_color:#000000;--button_gradient_top_color_hover:#686868;--button_gradient_bottom_color_hover:#686868;\" target=\"_self\" href=\"#footer_contact\"><span class=\"fusion-button-text awb-button__text awb-button__text--default\">EN SAVOIR PLUS<\/span><\/a><\/div>\n<\/div>\n<\/div><\/div><\/div><div class=\"fusion-panel panel-default panel-64ca6e978d0565a34 fusion-toggle-has-divider\"><div class=\"panel-heading\"><h4 class=\"panel-title toggle\" id=\"toggle_64ca6e978d0565a34\"><a aria-expanded=\"false\" aria-controls=\"64ca6e978d0565a34\" role=\"button\" data-toggle=\"collapse\" data-parent=\"#accordion-10394-1\" data-target=\"#64ca6e978d0565a34\" href=\"#64ca6e978d0565a34\"><span class=\"fusion-toggle-icon-wrapper\" aria-hidden=\"true\"><i class=\"fa-fusion-box active-icon awb-icon-minus\" aria-hidden=\"true\"><\/i><i class=\"fa-fusion-box inactive-icon awb-icon-plus\" aria-hidden=\"true\"><\/i><\/span><span class=\"fusion-toggle-heading\">BRAND TRACKER<\/span><\/a><\/h4><\/div><div id=\"64ca6e978d0565a34\" class=\"panel-collapse collapse \" aria-labelledby=\"toggle_64ca6e978d0565a34\"><div class=\"panel-body toggle-content fusion-clearfix\">\n<div style=\"margin-top: 10px; margin-bottom: 40px;\">\n<p>Le Brand Tracker de Kantar est une \u00e9tude disponible mensuellement, par trimestre, par semestre ou annuellement. L&rsquo;objectif est de pouvoir mesurer la performance de la marque, sa notori\u00e9t\u00e9 et ceux de la comp\u00e9tition. Cette \u00e9tude vous permet de mesurer les attributs de la marque et sa visibilit\u00e9 sur le march\u00e9.<\/p>\n<div class=\"fusion-button-wrapper\"><a class=\"fusion-button button-flat fusion-button-default-size button-custom fusion-button-default button-2 fusion-button-default-span fusion-button-default-type\" style=\"--button_accent_color:#ffffff;--button_accent_hover_color:#ffffff;--button_border_hover_color:#ffffff;--button_gradient_top_color:#000000;--button_gradient_bottom_color:#000000;--button_gradient_top_color_hover:#686868;--button_gradient_bottom_color_hover:#686868;\" target=\"_self\" href=\"#footer_contact\"><span class=\"fusion-button-text awb-button__text awb-button__text--default\">PLUS D&rsquo;INFORMATIONS<\/span><\/a><\/div>\n<\/div>\n<\/div><\/div><\/div><div class=\"fusion-panel panel-default panel-c936c0268e76a3e4a fusion-toggle-has-divider\"><div class=\"panel-heading\"><h4 class=\"panel-title toggle\" id=\"toggle_c936c0268e76a3e4a\"><a aria-expanded=\"false\" aria-controls=\"c936c0268e76a3e4a\" role=\"button\" data-toggle=\"collapse\" data-parent=\"#accordion-10394-1\" data-target=\"#c936c0268e76a3e4a\" href=\"#c936c0268e76a3e4a\"><span class=\"fusion-toggle-icon-wrapper\" aria-hidden=\"true\"><i class=\"fa-fusion-box active-icon awb-icon-minus\" aria-hidden=\"true\"><\/i><i class=\"fa-fusion-box inactive-icon awb-icon-plus\" aria-hidden=\"true\"><\/i><\/span><span class=\"fusion-toggle-heading\">ADS INTELLIGENCE<\/span><\/a><\/h4><\/div><div id=\"c936c0268e76a3e4a\" class=\"panel-collapse collapse \" aria-labelledby=\"toggle_c936c0268e76a3e4a\"><div class=\"panel-body toggle-content fusion-clearfix\">\n<div style=\"margin-top: 10px; margin-bottom: 40px;\">\n<p>Le Kantar Ads Intelligence est une analyse cr\u00e9ative des campagnes publicitaires par secteur d&rsquo;activit\u00e9. En analysant les campagnes pr\u00e9sentes dans les m\u00e9dias traditionnels, nous pouvons d\u00e9finir le positionnement de votre marque et celui de la comp\u00e9tition. \u00c0 partir de cette approche, nous pouvons \u00e9tablir des recommandations strat\u00e9giques qui peuvent \u00eatre adopt\u00e9es par votre marque.<\/p>\n<div class=\"fusion-button-wrapper\"><a class=\"fusion-button button-flat fusion-button-default-size button-default fusion-button-default button-3 fusion-button-default-span fusion-button-default-type\" target=\"_self\" href=\"#footer_contact\"><span class=\"fusion-button-text awb-button__text awb-button__text--default\">EN SAVOIR PLUS<\/span><\/a><\/div>\n<\/div>\n<\/div><\/div><\/div><div class=\"fusion-panel panel-default panel-b39a76756a203b50d fusion-toggle-has-divider\"><div class=\"panel-heading\"><h4 class=\"panel-title toggle\" id=\"toggle_b39a76756a203b50d\"><a aria-expanded=\"false\" aria-controls=\"b39a76756a203b50d\" role=\"button\" data-toggle=\"collapse\" data-parent=\"#accordion-10394-1\" data-target=\"#b39a76756a203b50d\" href=\"#b39a76756a203b50d\"><span class=\"fusion-toggle-icon-wrapper\" aria-hidden=\"true\"><i class=\"fa-fusion-box active-icon awb-icon-minus\" aria-hidden=\"true\"><\/i><i class=\"fa-fusion-box inactive-icon awb-icon-plus\" aria-hidden=\"true\"><\/i><\/span><span class=\"fusion-toggle-heading\">AD IMPACT<\/span><\/a><\/h4><\/div><div id=\"b39a76756a203b50d\" class=\"panel-collapse collapse \" aria-labelledby=\"toggle_b39a76756a203b50d\"><div class=\"panel-body toggle-content fusion-clearfix\">\n<div style=\"margin-top: 10px; margin-bottom: 40px;\">\n<p>L&rsquo;\u00e9tude de \u00ab\u00a0Ad Impact\u00a0\u00bb mesure les indicateurs cl\u00e9s de la notori\u00e9t\u00e9 de la marque et analyse l&rsquo;\u00e9cart entre ceux qui voient la publicit\u00e9 et ceux qui ne la voient pas afin de mesurer les effets de l&rsquo;exposition publicitaire. L&rsquo;objectif est de permettre aux clients de r\u00e9\u00e9valuer leurs strat\u00e9gies m\u00e9dias et de comprendre comment l&rsquo;audience r\u00e9agit face aux outils m\u00e9dias utilis\u00e9s, \u00e0 l&rsquo;aspect cr\u00e9atif\/design et du placement publicitaire.<\/p>\n<div class=\"fusion-button-wrapper\"><a class=\"fusion-button button-flat fusion-button-default-size button-default fusion-button-default button-4 fusion-button-default-span fusion-button-default-type\" target=\"_self\" href=\"#footer_contact\"><span class=\"fusion-button-text awb-button__text awb-button__text--default\">CONTACTEZ-NOUS<\/span><\/a><\/div>\n<\/div>\n<\/div><\/div><\/div><div class=\"fusion-panel panel-default panel-ba69ef5fe0005d076 fusion-toggle-has-divider\"><div class=\"panel-heading\"><h4 class=\"panel-title toggle\" id=\"toggle_ba69ef5fe0005d076\"><a aria-expanded=\"false\" aria-controls=\"ba69ef5fe0005d076\" role=\"button\" data-toggle=\"collapse\" data-parent=\"#accordion-10394-1\" data-target=\"#ba69ef5fe0005d076\" href=\"#ba69ef5fe0005d076\"><span class=\"fusion-toggle-icon-wrapper\" aria-hidden=\"true\"><i class=\"fa-fusion-box active-icon awb-icon-minus\" aria-hidden=\"true\"><\/i><i class=\"fa-fusion-box inactive-icon awb-icon-plus\" aria-hidden=\"true\"><\/i><\/span><span class=\"fusion-toggle-heading\">SHARE OF VOICE<\/span><\/a><\/h4><\/div><div id=\"ba69ef5fe0005d076\" class=\"panel-collapse collapse \" aria-labelledby=\"toggle_ba69ef5fe0005d076\"><div class=\"panel-body toggle-content fusion-clearfix\">\n<div style=\"margin-top: 10px; margin-bottom: 40px;\">\n<p>Kantar Share of Voice est un outil vous permettant de suivre continuellement les d\u00e9penses publicitaires sur la t\u00e9l\u00e9, radio, presse et panneaux d&rsquo;affichage. Ces donn\u00e9es sont disponibles sur un rapport interactif en ligne. Cet outil vous permet de conna\u00eetre les placements publicitaires de la comp\u00e9tition et leurs montants d&rsquo;investissement.<\/p>\n<div class=\"fusion-button-wrapper\"><a class=\"fusion-button button-flat fusion-button-default-size button-default fusion-button-default button-5 fusion-button-default-span fusion-button-default-type\" target=\"_self\" href=\"#footer_contact\"><span class=\"fusion-button-text awb-button__text awb-button__text--default\">PLUS D&rsquo;INFORMATIONS<\/span><\/a><\/div>\n<\/div>\n<\/div><\/div><\/div><\/div><\/div><div class=\"fusion-modal modal fade modal-1 demo_media_plan\" tabindex=\"-1\" role=\"dialog\" aria-labelledby=\"modal-heading-1\" aria-hidden=\"true\" style=\"--awb-border-color:#ebebeb;--awb-background:#f6f6f6;\"><div class=\"modal-dialog modal-lg\" role=\"document\"><div class=\"modal-content fusion-modal-content\"><div class=\"modal-header\"><button class=\"close\" type=\"button\" data-dismiss=\"modal\" aria-hidden=\"true\" aria-label=\"Close\">&times;<\/button><h3 class=\"modal-title\" id=\"modal-heading-1\" data-dismiss=\"modal\" aria-hidden=\"true\">Request a Demo<\/h3><\/div><div class=\"modal-body fusion-clearfix\">\n[caldera_form id=\u00a0\u00bbCF5e8eb0f883050&Prime;]\n<\/div><\/div><\/div><\/div><div class=\"fusion-modal modal fade modal-2 demo_audience_tracker\" tabindex=\"-1\" role=\"dialog\" aria-labelledby=\"modal-heading-2\" aria-hidden=\"true\" style=\"--awb-border-color:#ebebeb;--awb-background:#f6f6f6;\"><div class=\"modal-dialog modal-lg\" role=\"document\"><div class=\"modal-content fusion-modal-content\"><div class=\"modal-header\"><button class=\"close\" type=\"button\" data-dismiss=\"modal\" aria-hidden=\"true\" aria-label=\"Close\">&times;<\/button><h3 class=\"modal-title\" id=\"modal-heading-2\" data-dismiss=\"modal\" aria-hidden=\"true\">Request a Demo<\/h3><\/div><div class=\"modal-body fusion-clearfix\">\n[caldera_form id=\u00a0\u00bbCF5e8eb1d246608&Prime;]\n<\/div><\/div><\/div><\/div><div class=\"fusion-clearfix\"><\/div><\/div><\/div><\/div><\/div><div class=\"fusion-fullwidth fullwidth-box fusion-builder-row-3 nonhundred-percent-fullwidth non-hundred-percent-height-scrolling\" style=\"--awb-border-radius-top-left:0px;--awb-border-radius-top-right:0px;--awb-border-radius-bottom-right:0px;--awb-border-radius-bottom-left:0px;--awb-padding-top:21px;--awb-background-color:#e8e8e8;--awb-flex-wrap:wrap;\" id=\"footer_contact\" ><div class=\"fusion-builder-row fusion-row\"><div class=\"fusion-layout-column fusion_builder_column fusion-builder-column-3 fusion_builder_column_1_6 1_6 fusion-one-sixth fusion-column-first\" style=\"--awb-bg-size:cover;width:16.666666666667%;width:calc(16.666666666667% - ( ( 4% + 4% ) * 0.16666666666667 ) );margin-right: 4%;\"><div class=\"fusion-column-wrapper fusion-column-has-shadow fusion-flex-column-wrapper-legacy\"><div class=\"fusion-clearfix\"><\/div><\/div><\/div><div class=\"fusion-layout-column fusion_builder_column fusion-builder-column-4 fusion_builder_column_2_3 2_3 fusion-two-third\" style=\"--awb-bg-size:cover;width:66.666666666667%;width:calc(66.666666666667% - ( ( 4% + 4% ) * 0.66666666666667 ) );margin-right: 4%;\"><div class=\"fusion-column-wrapper fusion-column-has-shadow fusion-flex-column-wrapper-legacy\"><div class=\"fusion-title title fusion-title-3 fusion-sep-none fusion-title-center fusion-title-text fusion-title-size-four\" style=\"--awb-margin-top:20px;--awb-margin-bottom:40px;--awb-margin-top-small:0px;--awb-margin-right-small:0px;--awb-margin-bottom-small:0px;--awb-margin-left-small:0px;\"><h4 class=\"fusion-title-heading title-heading-center fusion-responsive-typography-calculated\" style=\"margin:0;--fontSize:28;line-height:1.36;\"><p style=\"text-align: center;\">Pour en savoir plus, contactez-nous.<\/p><\/h4><\/div><iframe frameborder=\"0\" style=\"height:500px;width:99%;border:none;\" data-src='https:\/\/forms.zohopublic.com\/analysishouse\/form\/KantarDemandedinformationRequestofinformation\/formperma\/SdCb4TMw1_huLAhUlFkYRRUNhHWEp2pRfZKn1ZU2arw' src=\"data:image\/svg+xml;base64,PHN2ZyB3aWR0aD0iMSIgaGVpZ2h0PSIxIiB4bWxucz0iaHR0cDovL3d3dy53My5vcmcvMjAwMC9zdmciPjwvc3ZnPg==\" class=\"lazyload\" data-load-mode=\"1\"><\/iframe><div class=\"fusion-clearfix\"><\/div><\/div><\/div><div class=\"fusion-layout-column fusion_builder_column fusion-builder-column-5 fusion_builder_column_1_6 1_6 fusion-one-sixth fusion-column-last\" style=\"--awb-bg-size:cover;width:16.666666666667%;width:calc(16.666666666667% - ( ( 4% + 4% ) * 0.16666666666667 ) );\"><div class=\"fusion-column-wrapper fusion-column-has-shadow fusion-flex-column-wrapper-legacy\"><div class=\"fusion-clearfix\"><\/div><\/div><\/div><\/div><\/div>\n<\/p>\n","protected":false},"excerpt":{"rendered":"","protected":false},"author":1,"featured_media":0,"parent":0,"menu_order":0,"comment_status":"closed","ping_status":"closed","template":"100-width.php","meta":{"footnotes":""},"class_list":["post-10394","page","type-page","status-publish","hentry"],"_links":{"self":[{"href":"https:\/\/www.analysis.ms\/fr\/wp-json\/wp\/v2\/pages\/10394","targetHints":{"allow":["GET"]}}],"collection":[{"href":"https:\/\/www.analysis.ms\/fr\/wp-json\/wp\/v2\/pages"}],"about":[{"href":"https:\/\/www.analysis.ms\/fr\/wp-json\/wp\/v2\/types\/page"}],"author":[{"embeddable":true,"href":"https:\/\/www.analysis.ms\/fr\/wp-json\/wp\/v2\/users\/1"}],"replies":[{"embeddable":true,"href":"https:\/\/www.analysis.ms\/fr\/wp-json\/wp\/v2\/comments?post=10394"}],"version-history":[{"count":5,"href":"https:\/\/www.analysis.ms\/fr\/wp-json\/wp\/v2\/pages\/10394\/revisions"}],"predecessor-version":[{"id":11915,"href":"https:\/\/www.analysis.ms\/fr\/wp-json\/wp\/v2\/pages\/10394\/revisions\/11915"}],"wp:attachment":[{"href":"https:\/\/www.analysis.ms\/fr\/wp-json\/wp\/v2\/media?parent=10394"}],"curies":[{"name":"wp","href":"https:\/\/api.w.org\/{rel}","templated":true}]}}