{"id":10387,"date":"2020-04-06T05:17:01","date_gmt":"2020-04-06T05:17:01","guid":{"rendered":"https:\/\/www.analysis.ms\/solutions-retail-shopper-insights\/"},"modified":"2021-04-01T14:13:34","modified_gmt":"2021-04-01T14:13:34","slug":"solutions-retail-shopper-insights","status":"publish","type":"page","link":"https:\/\/www.analysis.ms\/fr\/solutions-retail-shopper-insights\/","title":{"rendered":"Solutions \u2013 Retail &#038; Shopper Insights"},"content":{"rendered":"<p><div class=\"fusion-fullwidth fullwidth-box fusion-builder-row-1 nonhundred-percent-fullwidth non-hundred-percent-height-scrolling\" style=\"--awb-border-radius-top-left:0px;--awb-border-radius-top-right:0px;--awb-border-radius-bottom-right:0px;--awb-border-radius-bottom-left:0px;--awb-padding-top:50px;--awb-flex-wrap:wrap;\" ><div class=\"fusion-builder-row fusion-row\"><div class=\"fusion-layout-column fusion_builder_column fusion-builder-column-0 fusion_builder_column_1_2 1_2 fusion-one-half fusion-column-first\" style=\"--awb-bg-size:cover;width:50%;width:calc(50% - ( ( 4% ) * 0.5 ) );margin-right: 4%;\"><div class=\"fusion-column-wrapper fusion-column-has-shadow fusion-flex-column-wrapper-legacy\"><div class=\"fusion-title title fusion-title-1 fusion-sep-none fusion-title-text fusion-title-size-one\" style=\"--awb-margin-top:120px;--awb-margin-bottom:20px;--awb-margin-top-small:0px;--awb-margin-right-small:0px;--awb-margin-bottom-small:0px;--awb-margin-left-small:0px;\"><h1 class=\"fusion-title-heading title-heading-left fusion-responsive-typography-calculated\" style=\"margin:0;--fontSize:65;line-height:1.16;\">Retail &amp; Shopper<\/h1><\/div><div class=\"fusion-text fusion-text-1\"><p>Nous analysons la performance de votre marque contre celle de vos comp\u00e9titeurs en fonction du comportement d&rsquo;achat des consommateurs. Nous \u00e9tudions \u00e9galement les habitudes d&rsquo;achat des Mauriciens. Avec nos donn\u00e9es, vous \u00eates en mesure de planifier une strat\u00e9gie retail gagnante permettant de maximiser les ventes et de rester coh\u00e9rent face \u00e0 vos clients actuels et potentiels.<\/p>\n<\/div><div class=\"fusion-clearfix\"><\/div><\/div><\/div><div class=\"fusion-layout-column fusion_builder_column fusion-builder-column-1 fusion_builder_column_1_2 1_2 fusion-one-half fusion-column-last\" style=\"--awb-bg-size:cover;--awb-margin-top:120px;width:50%;width:calc(50% - ( ( 4% ) * 0.5 ) );\"><div class=\"fusion-column-wrapper fusion-column-has-shadow fusion-flex-column-wrapper-legacy\"><div class=\"fusion-image-element in-legacy-container\" style=\"--awb-caption-title-font-family:var(--h2_typography-font-family);--awb-caption-title-font-weight:var(--h2_typography-font-weight);--awb-caption-title-font-style:var(--h2_typography-font-style);--awb-caption-title-size:var(--h2_typography-font-size);--awb-caption-title-transform:var(--h2_typography-text-transform);--awb-caption-title-line-height:var(--h2_typography-line-height);--awb-caption-title-letter-spacing:var(--h2_typography-letter-spacing);\"><span class=\" fusion-imageframe imageframe-none imageframe-1 hover-type-none\"><img decoding=\"async\" width=\"1024\" height=\"683\" title=\"shutterstock_363016736\" data-src=\"https:\/\/www.analysis.ms\/wp-content\/uploads\/2020\/10\/shutterstock_363016736-1024x683.jpg\" alt class=\"img-responsive wp-image-11361 lazyload\" data-srcset=\"https:\/\/www.analysis.ms\/wp-content\/uploads\/2020\/10\/shutterstock_363016736-200x133.jpg 200w, https:\/\/www.analysis.ms\/wp-content\/uploads\/2020\/10\/shutterstock_363016736-400x267.jpg 400w, https:\/\/www.analysis.ms\/wp-content\/uploads\/2020\/10\/shutterstock_363016736-600x400.jpg 600w, https:\/\/www.analysis.ms\/wp-content\/uploads\/2020\/10\/shutterstock_363016736-800x534.jpg 800w, https:\/\/www.analysis.ms\/wp-content\/uploads\/2020\/10\/shutterstock_363016736-1200x801.jpg 1200w\" data-sizes=\"(max-width: 800px) 100vw, 600px\" src=\"data:image\/svg+xml;base64,PHN2ZyB3aWR0aD0iMSIgaGVpZ2h0PSIxIiB4bWxucz0iaHR0cDovL3d3dy53My5vcmcvMjAwMC9zdmciPjwvc3ZnPg==\" style=\"--smush-placeholder-width: 1024px; --smush-placeholder-aspect-ratio: 1024\/683;\" \/><\/span><\/div><div class=\"fusion-clearfix\"><\/div><\/div><\/div><\/div><\/div><div class=\"fusion-fullwidth fullwidth-box fusion-builder-row-2 nonhundred-percent-fullwidth non-hundred-percent-height-scrolling\" style=\"--awb-border-radius-top-left:0px;--awb-border-radius-top-right:0px;--awb-border-radius-bottom-right:0px;--awb-border-radius-bottom-left:0px;--awb-padding-top:50px;--awb-margin-bottom:70px;--awb-flex-wrap:wrap;\" ><div class=\"fusion-builder-row fusion-row\"><div class=\"fusion-layout-column fusion_builder_column fusion-builder-column-2 fusion_builder_column_5_6 5_6 fusion-five-sixth fusion-column-first\" style=\"--awb-bg-size:cover;width:83.333333333333%;width:calc(83.333333333333% - ( ( 4% ) * 0.83333333333333 ) );margin-right: 4%;\"><div class=\"fusion-column-wrapper fusion-column-has-shadow fusion-flex-column-wrapper-legacy\"><div class=\"accordian fusion-accordian\" style=\"--awb-border-size:1px;--awb-icon-size:34px;--awb-content-font-size:18px;--awb-icon-alignment:right;--awb-hover-color:#f9f9f9;--awb-border-color:#cccccc;--awb-background-color:#ffffff;--awb-divider-color:#e0dede;--awb-divider-hover-color:#e0dede;--awb-icon-color:#e5e5e5;--awb-title-color:#999999;--awb-content-color:#4a4e57;--awb-icon-box-color:#ffffff;--awb-toggle-hover-accent-color:#ff5000;--awb-title-font-family:&quot;Quicksand&quot;;--awb-title-font-weight:300;--awb-title-font-style:normal;--awb-title-font-size:30px;--awb-content-font-family:&quot;Quicksand&quot;;--awb-content-font-style:normal;--awb-content-font-weight:400;\"><div class=\"panel-group fusion-toggle-icon-right fusion-toggle-icon-unboxed\" id=\"accordion-10387-1\"><div class=\"fusion-panel panel-default panel-200b62be06432854b fusion-toggle-has-divider\"><div class=\"panel-heading\"><h4 class=\"panel-title toggle\" id=\"toggle_200b62be06432854b\"><a aria-expanded=\"false\" aria-controls=\"200b62be06432854b\" role=\"button\" data-toggle=\"collapse\" data-parent=\"#accordion-10387-1\" data-target=\"#200b62be06432854b\" href=\"#200b62be06432854b\"><span class=\"fusion-toggle-icon-wrapper\" aria-hidden=\"true\"><i class=\"fa-fusion-box active-icon awb-icon-minus\" aria-hidden=\"true\"><\/i><i class=\"fa-fusion-box inactive-icon awb-icon-plus\" aria-hidden=\"true\"><\/i><\/span><span class=\"fusion-toggle-heading\">PANEL DE DISTRIBUTEURS<\/span><\/a><\/h4><\/div><div id=\"200b62be06432854b\" class=\"panel-collapse collapse \" aria-labelledby=\"toggle_200b62be06432854b\"><div class=\"panel-body toggle-content fusion-clearfix\">\n<p>Le panel de distributeur vous permet de g\u00e9rer la performance de vos ventes et votre distribution: parts de march\u00e9, rupture de stock, distribution num\u00e9rique et en valeur. Le panel de distributeur ou retail panel est bas\u00e9 sur un recueil syst\u00e9matique des volumes de vente et de stocks dans les points de vente traditionnels et sur les sorties de caisse dans la distribution moderne partenaire.<\/p>\n<\/div><\/div><\/div><div class=\"fusion-panel panel-default panel-7a63ca12504dfe5b5 fusion-toggle-has-divider\"><div class=\"panel-heading\"><h4 class=\"panel-title toggle\" id=\"toggle_7a63ca12504dfe5b5\"><a aria-expanded=\"false\" aria-controls=\"7a63ca12504dfe5b5\" role=\"button\" data-toggle=\"collapse\" data-parent=\"#accordion-10387-1\" data-target=\"#7a63ca12504dfe5b5\" href=\"#7a63ca12504dfe5b5\"><span class=\"fusion-toggle-icon-wrapper\" aria-hidden=\"true\"><i class=\"fa-fusion-box active-icon awb-icon-minus\" aria-hidden=\"true\"><\/i><i class=\"fa-fusion-box inactive-icon awb-icon-plus\" aria-hidden=\"true\"><\/i><\/span><span class=\"fusion-toggle-heading\">SHOPPER STUDY \u2013 SUPEMARCH\u00c9S ET HYPERMARCH\u00c9S<\/span><\/a><\/h4><\/div><div id=\"7a63ca12504dfe5b5\" class=\"panel-collapse collapse \" aria-labelledby=\"toggle_7a63ca12504dfe5b5\"><div class=\"panel-body toggle-content fusion-clearfix\">\n<div style=\"margin-top: 10px; margin-bottom: 40px;\">\n<p>Le Shopper Study analyse la performance des supermarch\u00e9s et les hypermarch\u00e9s pr\u00e9sents \u00e0 Maurice, en \u00e9valuant le comportement des consommateurs en magasin et dans la zone. Cela permet d&rsquo;\u00e9valuer la pr\u00e9f\u00e9rence du supermarch\u00e9 et de l&rsquo;hypermarch\u00e9 aupr\u00e8s des consommateurs.<\/p>\n<div class=\"fusion-button-wrapper\"><a class=\"fusion-button button-flat fusion-button-default-size button-custom fusion-button-default button-1 fusion-button-default-span fusion-button-default-type\" style=\"--button_accent_color:#ffffff;--button_accent_hover_color:#ffffff;--button_border_hover_color:#ffffff;--button_gradient_top_color:#000000;--button_gradient_bottom_color:#000000;--button_gradient_top_color_hover:#686868;--button_gradient_bottom_color_hover:#686868;\" target=\"_self\" href=\"#footer_contact\"><span class=\"fusion-button-text awb-button__text awb-button__text--default\">CONTACTEZ-NOUS<\/span><\/a><\/div>\n<\/div>\n<\/div><\/div><\/div><div class=\"fusion-panel panel-default panel-aa576b858516357a3 fusion-toggle-has-divider\"><div class=\"panel-heading\"><h4 class=\"panel-title toggle\" id=\"toggle_aa576b858516357a3\"><a aria-expanded=\"false\" aria-controls=\"aa576b858516357a3\" role=\"button\" data-toggle=\"collapse\" data-parent=\"#accordion-10387-1\" data-target=\"#aa576b858516357a3\" href=\"#aa576b858516357a3\"><span class=\"fusion-toggle-icon-wrapper\" aria-hidden=\"true\"><i class=\"fa-fusion-box active-icon awb-icon-minus\" aria-hidden=\"true\"><\/i><i class=\"fa-fusion-box inactive-icon awb-icon-plus\" aria-hidden=\"true\"><\/i><\/span><span class=\"fusion-toggle-heading\">SHOPPER STUDY - CENTRES COMMERCIAUX<\/span><\/a><\/h4><\/div><div id=\"aa576b858516357a3\" class=\"panel-collapse collapse \" aria-labelledby=\"toggle_aa576b858516357a3\"><div class=\"panel-body toggle-content fusion-clearfix\">\n<div style=\"margin-top: 10px; margin-bottom: 40px;\">\n<p>Ce rapport pr\u00e9sente la performance des centres commerciaux \u00e0 Maurice par rapport \u00e0 l&rsquo;exp\u00e9rience des consommateurs. Il permet d&rsquo;\u00e9valuer le centre commercial pr\u00e9f\u00e9r\u00e9 et les raisons. Ce rapport aide les centres commerciaux \u00e0 mieux d\u00e9finir les strat\u00e9gies afin de fid\u00e9liser la client\u00e8le actuelle et de cibler des nouveaux clients.<\/p>\n<div class=\"fusion-button-wrapper\"><a class=\"fusion-button button-flat fusion-button-default-size button-default fusion-button-default button-2 fusion-button-default-span fusion-button-default-type\" target=\"_self\" href=\"#footer_contact\"><span class=\"fusion-button-text awb-button__text awb-button__text--default\">CONTACTEZ-NOUS<\/span><\/a><\/div>\n<\/div>\n<\/div><\/div><\/div><div class=\"fusion-panel panel-default panel-797baa2b401959fef fusion-toggle-has-divider\"><div class=\"panel-heading\"><h4 class=\"panel-title toggle\" id=\"toggle_797baa2b401959fef\"><a aria-expanded=\"false\" aria-controls=\"797baa2b401959fef\" role=\"button\" data-toggle=\"collapse\" data-parent=\"#accordion-10387-1\" data-target=\"#797baa2b401959fef\" href=\"#797baa2b401959fef\"><span class=\"fusion-toggle-icon-wrapper\" aria-hidden=\"true\"><i class=\"fa-fusion-box active-icon awb-icon-minus\" aria-hidden=\"true\"><\/i><i class=\"fa-fusion-box inactive-icon awb-icon-plus\" aria-hidden=\"true\"><\/i><\/span><span class=\"fusion-toggle-heading\">CATEGORY MANAGEMENT<\/span><\/a><\/h4><\/div><div id=\"797baa2b401959fef\" class=\"panel-collapse collapse \" aria-labelledby=\"toggle_797baa2b401959fef\"><div class=\"panel-body toggle-content fusion-clearfix\">\n<div style=\"margin-top: 10px; margin-bottom: 40px;\">\n<p>Le Category Management est essentiel pour faire ressortir vos produits des \u00e9tag\u00e8res des diff\u00e9rents points de ventes. Notre \u00e9quipe r\u00e9alise des planogrammes sur mesure, con\u00e7us pour votre marque, afin de proposer une disposition optimale de vos produits. Cet exercise a pour but de maximiser les ventes et \u00e0 mieux r\u00e9pondre aux besoins de vos consommateurs.<\/p>\n<div class=\"fusion-button-wrapper\"><a class=\"fusion-button button-flat fusion-button-default-size button-default fusion-button-default button-3 fusion-button-default-span fusion-button-default-type\" target=\"_self\" href=\"#footer_contact\"><span class=\"fusion-button-text awb-button__text awb-button__text--default\">EN SAVOIR PLUS<\/span><\/a><\/div>\n<\/div>\n<\/div><\/div><\/div><div class=\"fusion-panel panel-default panel-9cac8c202e3fd4a2d fusion-toggle-has-divider\"><div class=\"panel-heading\"><h4 class=\"panel-title toggle\" id=\"toggle_9cac8c202e3fd4a2d\"><a aria-expanded=\"false\" aria-controls=\"9cac8c202e3fd4a2d\" role=\"button\" data-toggle=\"collapse\" data-parent=\"#accordion-10387-1\" data-target=\"#9cac8c202e3fd4a2d\" href=\"#9cac8c202e3fd4a2d\"><span class=\"fusion-toggle-icon-wrapper\" aria-hidden=\"true\"><i class=\"fa-fusion-box active-icon awb-icon-minus\" aria-hidden=\"true\"><\/i><i class=\"fa-fusion-box inactive-icon awb-icon-plus\" aria-hidden=\"true\"><\/i><\/span><span class=\"fusion-toggle-heading\">MARKET MONITOR<\/span><\/a><\/h4><\/div><div id=\"9cac8c202e3fd4a2d\" class=\"panel-collapse collapse \" aria-labelledby=\"toggle_9cac8c202e3fd4a2d\"><div class=\"panel-body toggle-content fusion-clearfix\">\n<div style=\"margin-top: 10px; margin-bottom: 40px;\">\n<p>Kantar Market Monitor vous permet de mesurer la performance de votre marque et de vos concurrents, et de d\u00e9terminer votre cible. Cette \u00e9tude vous permet d&rsquo;\u00e9valuer la p\u00e9n\u00e9tration du march\u00e9, et l&rsquo;impact de vos strat\u00e9gies sur les consommateurs.<\/p>\n<div class=\"fusion-button-wrapper\"><a class=\"fusion-button button-flat fusion-button-default-size button-default fusion-button-default button-4 fusion-button-default-span fusion-button-default-type\" target=\"_self\" href=\"#footer_contact\"><span class=\"fusion-button-text awb-button__text awb-button__text--default\">PLUS D&rsquo;INFORMATIONS<\/span><\/a><\/div>\n<\/div>\n<\/div><\/div><\/div><div class=\"fusion-panel panel-default panel-72e7af47b16e3fe42 fusion-toggle-has-divider\"><div class=\"panel-heading\"><h4 class=\"panel-title toggle\" id=\"toggle_72e7af47b16e3fe42\"><a aria-expanded=\"false\" aria-controls=\"72e7af47b16e3fe42\" role=\"button\" data-toggle=\"collapse\" data-parent=\"#accordion-10387-1\" data-target=\"#72e7af47b16e3fe42\" href=\"#72e7af47b16e3fe42\"><span class=\"fusion-toggle-icon-wrapper\" aria-hidden=\"true\"><i class=\"fa-fusion-box active-icon awb-icon-minus\" aria-hidden=\"true\"><\/i><i class=\"fa-fusion-box inactive-icon awb-icon-plus\" aria-hidden=\"true\"><\/i><\/span><span class=\"fusion-toggle-heading\">PRICE PROMOTION MONITOR<\/span><\/a><\/h4><\/div><div id=\"72e7af47b16e3fe42\" class=\"panel-collapse collapse \" aria-labelledby=\"toggle_72e7af47b16e3fe42\"><div class=\"panel-body toggle-content fusion-clearfix\">\n<div style=\"margin-top: 10px; margin-bottom: 40px;\">\n<p><b>Nouvelle\u00a0<\/b><b>Plateforme<\/b><b>\u00a0pour les Marques et\u00a0<\/b><b>Distributeurs\u00a0<\/b><b>!<\/b><\/p>\n<p>Vos promotions sont-elles suffisamment attractives pour attirer le consommateur Mauricien?<\/p>\n<p>D\u00e9velopp\u00e9 par IDS, le lab digital de Kantar, le Price Promotion Monitor (PPM) est un syst\u00e8me en ligne pour analyser les promotions dans vos cat\u00e9gories dans tous les supermarch\u00e9s et hypermarch\u00e9s de l\u2019\u00eele.<\/p>\n<p><b>Simple, Efficace et Abordable. Le PPM votre outil pour stimuler\u00a0<\/b><b>vos ventes et\u00a0<\/b><b>regagner\u00a0<\/b><b>des parts de march\u00e9<\/b><\/p>\n<p><b>Les atouts uniques de la plateforme PPM<\/b><\/p>\n<ul>\n<li>Visualiser les promotions actives par produit<\/li>\n<li>Comparer les promotions sur le march\u00e9<\/li>\n<li>Par points de vente, famille de produit, cat\u00e9gorie de produit<\/li>\n<li>Bonus : des analyses par grandes familles de produits et par marques, pour mettre en place vos strat\u00e9gies<\/li>\n<\/ul>\n<div class=\"fusion-button-wrapper\"><a class=\"fusion-button button-flat fusion-button-default-size button-default fusion-button-default button-5 fusion-button-default-span fusion-button-default-type\" target=\"_self\" href=\"#footer_contact\"><span class=\"fusion-button-text awb-button__text awb-button__text--default\">PLUS D&rsquo;INFORMATIONS<\/span><\/a><\/div>\n<\/div>\n<\/div><\/div><\/div><\/div><\/div><div class=\"fusion-modal modal fade modal-1 demo_media_plan\" tabindex=\"-1\" role=\"dialog\" aria-labelledby=\"modal-heading-1\" aria-hidden=\"true\" style=\"--awb-border-color:#ebebeb;--awb-background:#f6f6f6;\"><div class=\"modal-dialog modal-lg\" role=\"document\"><div class=\"modal-content fusion-modal-content\"><div class=\"modal-header\"><button class=\"close\" type=\"button\" data-dismiss=\"modal\" aria-hidden=\"true\" aria-label=\"Close\">&times;<\/button><h3 class=\"modal-title\" id=\"modal-heading-1\" data-dismiss=\"modal\" aria-hidden=\"true\">Request a Demo<\/h3><\/div><div class=\"modal-body fusion-clearfix\">\n[caldera_form id=\u00a0\u00bbCF5e8eb0f883050&Prime;]\n<\/div><\/div><\/div><\/div><div class=\"fusion-modal modal fade modal-2 demo_audience_tracker\" tabindex=\"-1\" role=\"dialog\" aria-labelledby=\"modal-heading-2\" aria-hidden=\"true\" style=\"--awb-border-color:#ebebeb;--awb-background:#f6f6f6;\"><div class=\"modal-dialog modal-lg\" role=\"document\"><div class=\"modal-content fusion-modal-content\"><div class=\"modal-header\"><button class=\"close\" type=\"button\" data-dismiss=\"modal\" aria-hidden=\"true\" aria-label=\"Close\">&times;<\/button><h3 class=\"modal-title\" id=\"modal-heading-2\" data-dismiss=\"modal\" aria-hidden=\"true\">Request a Demo<\/h3><\/div><div class=\"modal-body fusion-clearfix\">\n[caldera_form id=\u00a0\u00bbCF5e8eb1d246608&Prime;]\n<\/div><\/div><\/div><\/div><div class=\"fusion-clearfix\"><\/div><\/div><\/div><\/div><\/div><div class=\"fusion-fullwidth fullwidth-box fusion-builder-row-3 nonhundred-percent-fullwidth non-hundred-percent-height-scrolling\" style=\"--awb-border-radius-top-left:0px;--awb-border-radius-top-right:0px;--awb-border-radius-bottom-right:0px;--awb-border-radius-bottom-left:0px;--awb-padding-top:21px;--awb-background-color:#e8e8e8;--awb-flex-wrap:wrap;\" id=\"footer_contact\" ><div class=\"fusion-builder-row fusion-row\"><div class=\"fusion-layout-column fusion_builder_column fusion-builder-column-3 fusion_builder_column_1_6 1_6 fusion-one-sixth fusion-column-first\" style=\"--awb-bg-size:cover;width:16.666666666667%;width:calc(16.666666666667% - ( ( 4% + 4% ) * 0.16666666666667 ) );margin-right: 4%;\"><div class=\"fusion-column-wrapper fusion-column-has-shadow fusion-flex-column-wrapper-legacy\"><div class=\"fusion-clearfix\"><\/div><\/div><\/div><div class=\"fusion-layout-column fusion_builder_column fusion-builder-column-4 fusion_builder_column_2_3 2_3 fusion-two-third\" style=\"--awb-bg-size:cover;width:66.666666666667%;width:calc(66.666666666667% - ( ( 4% + 4% ) * 0.66666666666667 ) );margin-right: 4%;\"><div class=\"fusion-column-wrapper fusion-column-has-shadow fusion-flex-column-wrapper-legacy\"><div class=\"fusion-title title fusion-title-2 fusion-sep-none fusion-title-center fusion-title-text fusion-title-size-four\" style=\"--awb-margin-top:20px;--awb-margin-bottom:40px;--awb-margin-top-small:0px;--awb-margin-right-small:0px;--awb-margin-bottom-small:0px;--awb-margin-left-small:0px;\"><h4 class=\"fusion-title-heading title-heading-center fusion-responsive-typography-calculated\" style=\"margin:0;--fontSize:28;line-height:1.36;\"><p style=\"text-align: center;\">Pour en savoir plus, contactez-nous.<\/p><\/h4><\/div><iframe frameborder=\"0\" style=\"height:500px;width:99%;border:none;\" data-src='https:\/\/forms.zohopublic.com\/analysishouse\/form\/KantarDemandedinformationRequestofinformation\/formperma\/SdCb4TMw1_huLAhUlFkYRRUNhHWEp2pRfZKn1ZU2arw' src=\"data:image\/svg+xml;base64,PHN2ZyB3aWR0aD0iMSIgaGVpZ2h0PSIxIiB4bWxucz0iaHR0cDovL3d3dy53My5vcmcvMjAwMC9zdmciPjwvc3ZnPg==\" class=\"lazyload\" data-load-mode=\"1\"><\/iframe><div class=\"fusion-clearfix\"><\/div><\/div><\/div><div class=\"fusion-layout-column fusion_builder_column fusion-builder-column-5 fusion_builder_column_1_6 1_6 fusion-one-sixth fusion-column-last\" style=\"--awb-bg-size:cover;width:16.666666666667%;width:calc(16.666666666667% - ( ( 4% + 4% ) * 0.16666666666667 ) );\"><div class=\"fusion-column-wrapper fusion-column-has-shadow fusion-flex-column-wrapper-legacy\"><div class=\"fusion-clearfix\"><\/div><\/div><\/div><\/div><\/div>\n<\/p>\n","protected":false},"excerpt":{"rendered":"","protected":false},"author":1,"featured_media":0,"parent":0,"menu_order":0,"comment_status":"closed","ping_status":"closed","template":"100-width.php","meta":{"footnotes":""},"class_list":["post-10387","page","type-page","status-publish","hentry"],"_links":{"self":[{"href":"https:\/\/www.analysis.ms\/fr\/wp-json\/wp\/v2\/pages\/10387","targetHints":{"allow":["GET"]}}],"collection":[{"href":"https:\/\/www.analysis.ms\/fr\/wp-json\/wp\/v2\/pages"}],"about":[{"href":"https:\/\/www.analysis.ms\/fr\/wp-json\/wp\/v2\/types\/page"}],"author":[{"embeddable":true,"href":"https:\/\/www.analysis.ms\/fr\/wp-json\/wp\/v2\/users\/1"}],"replies":[{"embeddable":true,"href":"https:\/\/www.analysis.ms\/fr\/wp-json\/wp\/v2\/comments?post=10387"}],"version-history":[{"count":5,"href":"https:\/\/www.analysis.ms\/fr\/wp-json\/wp\/v2\/pages\/10387\/revisions"}],"predecessor-version":[{"id":11875,"href":"https:\/\/www.analysis.ms\/fr\/wp-json\/wp\/v2\/pages\/10387\/revisions\/11875"}],"wp:attachment":[{"href":"https:\/\/www.analysis.ms\/fr\/wp-json\/wp\/v2\/media?parent=10387"}],"curies":[{"name":"wp","href":"https:\/\/api.w.org\/{rel}","templated":true}]}}