{"id":10380,"date":"2020-04-06T05:01:08","date_gmt":"2020-04-06T05:01:08","guid":{"rendered":"https:\/\/www.analysis.ms\/solutions-consumer-insights\/"},"modified":"2024-08-22T10:47:23","modified_gmt":"2024-08-22T10:47:23","slug":"solutions-insights-consommateurs","status":"publish","type":"page","link":"https:\/\/www.analysis.ms\/fr\/solutions-insights-consommateurs\/","title":{"rendered":"Solutions \u2013 Insights consommateurs"},"content":{"rendered":"<p><div class=\"fusion-fullwidth fullwidth-box fusion-builder-row-1 nonhundred-percent-fullwidth non-hundred-percent-height-scrolling\" style=\"--awb-border-radius-top-left:0px;--awb-border-radius-top-right:0px;--awb-border-radius-bottom-right:0px;--awb-border-radius-bottom-left:0px;--awb-padding-top:50px;--awb-flex-wrap:wrap;\" ><div class=\"fusion-builder-row fusion-row\"><div class=\"fusion-layout-column fusion_builder_column fusion-builder-column-0 fusion_builder_column_1_2 1_2 fusion-one-half fusion-column-first\" style=\"--awb-bg-size:cover;width:50%;width:calc(50% - ( ( 4% ) * 0.5 ) );margin-right: 4%;\"><div class=\"fusion-column-wrapper fusion-column-has-shadow fusion-flex-column-wrapper-legacy\"><div class=\"fusion-title title fusion-title-1 fusion-sep-none fusion-title-text fusion-title-size-one\" style=\"--awb-margin-top:120px;--awb-margin-bottom:20px;--awb-margin-top-small:0px;--awb-margin-right-small:0px;--awb-margin-bottom-small:0px;--awb-margin-left-small:0px;\"><h1 class=\"fusion-title-heading title-heading-left fusion-responsive-typography-calculated\" style=\"margin:0;--fontSize:65;line-height:1.16;\">Tendances &amp; Consommateurs<\/h1><\/div><div class=\"fusion-title title fusion-title-2 fusion-sep-none fusion-title-text fusion-title-size-four\" style=\"--awb-margin-bottom:20px;--awb-margin-right-small:0px;--awb-margin-bottom-small:;--awb-margin-left-small:0px;\"><h4 class=\"fusion-title-heading title-heading-left fusion-responsive-typography-calculated\" style=\"margin:0;--fontSize:28;line-height:1.36;\">Comprendre vos clients actuels et potentiels<\/h4><\/div><div class=\"fusion-text fusion-text-1\"><p>Il est important que chaque entreprise interpr\u00e8te les tendances du march\u00e9 et de la soci\u00e9t\u00e9 pour comprendre ce que les consommateurs ressentent et pensent. Pour d\u00e9velopper et pour mettre en oeuvre des plans d&rsquo;actions strat\u00e9giques en ad\u00e9quation avec ces changements , il est primordial d&rsquo;avoir une compr\u00e9hension approfondie de ces tendances . Chez Analysis, affili\u00e9 de Kantar, nous identifions et \u00e9tudions les diff\u00e9rents segments de votre march\u00e9 \u00e0 travers des analyses socio-d\u00e9mographiques et psychographiques, de m\u00eame que les styles de vie et les tendances.<\/p>\n<\/div><div class=\"fusion-clearfix\"><\/div><\/div><\/div><div class=\"fusion-layout-column fusion_builder_column fusion-builder-column-1 fusion_builder_column_1_2 1_2 fusion-one-half fusion-column-last\" style=\"--awb-bg-size:cover;--awb-margin-top:120px;width:50%;width:calc(50% - ( ( 4% ) * 0.5 ) );\"><div class=\"fusion-column-wrapper fusion-column-has-shadow fusion-flex-column-wrapper-legacy\"><div class=\"fusion-image-element in-legacy-container\" style=\"--awb-caption-title-font-family:var(--h2_typography-font-family);--awb-caption-title-font-weight:var(--h2_typography-font-weight);--awb-caption-title-font-style:var(--h2_typography-font-style);--awb-caption-title-size:var(--h2_typography-font-size);--awb-caption-title-transform:var(--h2_typography-text-transform);--awb-caption-title-line-height:var(--h2_typography-line-height);--awb-caption-title-letter-spacing:var(--h2_typography-letter-spacing);\"><span class=\" fusion-imageframe imageframe-none imageframe-1 hover-type-none\"><img decoding=\"async\" width=\"1024\" height=\"683\" title=\"Insights consommateurs\" data-src=\"https:\/\/www.analysis.ms\/wp-content\/uploads\/2020\/10\/Insights-consommateurs-1024x683.jpg\" alt class=\"img-responsive wp-image-11397 lazyload\" data-srcset=\"https:\/\/www.analysis.ms\/wp-content\/uploads\/2020\/10\/Insights-consommateurs-200x133.jpg 200w, https:\/\/www.analysis.ms\/wp-content\/uploads\/2020\/10\/Insights-consommateurs-400x267.jpg 400w, https:\/\/www.analysis.ms\/wp-content\/uploads\/2020\/10\/Insights-consommateurs-600x400.jpg 600w, https:\/\/www.analysis.ms\/wp-content\/uploads\/2020\/10\/Insights-consommateurs-800x534.jpg 800w, https:\/\/www.analysis.ms\/wp-content\/uploads\/2020\/10\/Insights-consommateurs-1200x801.jpg 1200w\" data-sizes=\"(max-width: 800px) 100vw, 600px\" src=\"data:image\/svg+xml;base64,PHN2ZyB3aWR0aD0iMSIgaGVpZ2h0PSIxIiB4bWxucz0iaHR0cDovL3d3dy53My5vcmcvMjAwMC9zdmciPjwvc3ZnPg==\" style=\"--smush-placeholder-width: 1024px; --smush-placeholder-aspect-ratio: 1024\/683;\" \/><\/span><\/div><div class=\"fusion-clearfix\"><\/div><\/div><\/div><\/div><\/div><div class=\"fusion-fullwidth fullwidth-box fusion-builder-row-2 nonhundred-percent-fullwidth non-hundred-percent-height-scrolling\" style=\"--awb-border-radius-top-left:0px;--awb-border-radius-top-right:0px;--awb-border-radius-bottom-right:0px;--awb-border-radius-bottom-left:0px;--awb-padding-top:50px;--awb-margin-bottom:70px;--awb-flex-wrap:wrap;\" ><div class=\"fusion-builder-row fusion-row\"><div class=\"fusion-layout-column fusion_builder_column fusion-builder-column-2 fusion_builder_column_3_4 3_4 fusion-three-fourth fusion-column-first\" style=\"--awb-bg-size:cover;width:75%;width:calc(75% - ( ( 4% ) * 0.75 ) );margin-right: 4%;\"><div class=\"fusion-column-wrapper fusion-column-has-shadow fusion-flex-column-wrapper-legacy\"><div class=\"accordian fusion-accordian\" style=\"--awb-border-size:1px;--awb-icon-size:34px;--awb-content-font-size:18px;--awb-icon-alignment:right;--awb-hover-color:#f9f9f9;--awb-border-color:#cccccc;--awb-background-color:#ffffff;--awb-divider-color:#e0dede;--awb-divider-hover-color:#e0dede;--awb-icon-color:#e5e5e5;--awb-title-color:#999999;--awb-content-color:#4a4e57;--awb-icon-box-color:#ffffff;--awb-toggle-hover-accent-color:#ff5000;--awb-title-font-family:&quot;Quicksand&quot;;--awb-title-font-weight:300;--awb-title-font-style:normal;--awb-title-font-size:30px;--awb-content-font-family:&quot;Quicksand&quot;;--awb-content-font-style:normal;--awb-content-font-weight:400;\"><div class=\"panel-group fusion-toggle-icon-right fusion-toggle-icon-unboxed\" id=\"accordion-10380-1\"><div class=\"fusion-panel panel-default panel-08520c683fe9333cc fusion-toggle-has-divider\" style=\"--awb-title-color:#999999;--awb-content-color:#4a4e57;\"><div class=\"panel-heading\"><h4 class=\"panel-title toggle\" id=\"toggle_08520c683fe9333cc\"><a aria-expanded=\"false\" aria-controls=\"08520c683fe9333cc\" role=\"button\" data-toggle=\"collapse\" data-parent=\"#accordion-10380-1\" data-target=\"#08520c683fe9333cc\" href=\"#08520c683fe9333cc\"><span class=\"fusion-toggle-icon-wrapper\" aria-hidden=\"true\"><i class=\"fa-fusion-box active-icon awb-icon-minus\" aria-hidden=\"true\"><\/i><i class=\"fa-fusion-box inactive-icon awb-icon-plus\" aria-hidden=\"true\"><\/i><\/span><span class=\"fusion-toggle-heading\">FUTURE LIFE<\/span><\/a><\/h4><\/div><div id=\"08520c683fe9333cc\" class=\"panel-collapse collapse \" aria-labelledby=\"toggle_08520c683fe9333cc\"><div class=\"panel-body toggle-content fusion-clearfix\">\n<div style=\"margin-top: 10px; margin-bottom: 40px;\">\n<p>Analysis, affili\u00e9 de Kantar propose chaque 5 ans environ une \u00e9tude soci\u00e9tale d&rsquo;envergure afin de <span style=\"background-color: rgba(255, 255, 255, 0); color: var(--body_typography-color); font-family: var(--body_typography-font-family); font-size: var(--body_typography-font-size); font-style: var(--body_typography-font-style,normal); font-weight: var(--body_typography-font-weight); letter-spacing: var(--body_typography-letter-spacing);\">comprendre et d\u2019identifier les impacts probables et de proposer <\/span><span style=\"background-color: rgba(255, 255, 255, 0); color: var(--body_typography-color); font-family: var(--body_typography-font-family); font-size: var(--body_typography-font-size); font-style: var(--body_typography-font-style,normal); font-weight: var(--body_typography-font-weight); letter-spacing: var(--body_typography-letter-spacing);\">des sc\u00e9narios et strat\u00e9gies d\u2019ajustement aux institutions, aux <\/span><span style=\"background-color: rgba(255, 255, 255, 0); color: var(--body_typography-color); font-family: var(--body_typography-font-family); font-size: var(--body_typography-font-size); font-style: var(--body_typography-font-style,normal); font-weight: var(--body_typography-font-weight); letter-spacing: var(--body_typography-letter-spacing);\">entreprises, aux associations et aux marques. Dans cette \u00e9tude prospective, nous abordons la hi\u00e9rarchie des besoins des Mauriciens, les typologies des Mauriciens et la gestion de la vie sociale et culturelle, ainsi que le regards sur la consommation et la vie professionnelle.<\/span><\/p>\n<\/div>\n<\/div><\/div><\/div><div class=\"fusion-panel panel-default panel-09fecac5f7e0b633b fusion-toggle-has-divider\"><div class=\"panel-heading\"><h4 class=\"panel-title toggle\" id=\"toggle_09fecac5f7e0b633b\"><a aria-expanded=\"false\" aria-controls=\"09fecac5f7e0b633b\" role=\"button\" data-toggle=\"collapse\" data-parent=\"#accordion-10380-1\" data-target=\"#09fecac5f7e0b633b\" href=\"#09fecac5f7e0b633b\"><span class=\"fusion-toggle-icon-wrapper\" aria-hidden=\"true\"><i class=\"fa-fusion-box active-icon awb-icon-minus\" aria-hidden=\"true\"><\/i><i class=\"fa-fusion-box inactive-icon awb-icon-plus\" aria-hidden=\"true\"><\/i><\/span><span class=\"fusion-toggle-heading\">MILLENNIALS (GEN Y)<\/span><\/a><\/h4><\/div><div id=\"09fecac5f7e0b633b\" class=\"panel-collapse collapse \" aria-labelledby=\"toggle_09fecac5f7e0b633b\"><div class=\"panel-body toggle-content fusion-clearfix\">\n<div style=\"margin-top: 10px; margin-bottom: 40px;\">\n<p>Le rapport Millennials (Gen Y) a pour but de comprendre comment la g\u00e9n\u00e9ration Y, notamment ceux \u00e2g\u00e9s de 23 \u00e0 39 ans &#8211; comment ils vivent, quelles sont leurs valeurs, et leurs buts. L&rsquo;\u00e9tude fournit \u00e9galement des informations sur les d\u00e9penses des millennials (nourriture, divertissement et shopping), ainsi que leurs consommations m\u00e9dias.<\/p>\n<div class=\"fusion-button-wrapper\"><a class=\"fusion-button button-flat fusion-button-default-size button-custom fusion-button-default button-1 fusion-button-default-span fusion-button-default-type\" style=\"--button_accent_color:#ffffff;--button_accent_hover_color:#ffffff;--button_border_hover_color:#ffffff;--button_gradient_top_color:#000000;--button_gradient_bottom_color:#000000;--button_gradient_top_color_hover:#686868;--button_gradient_bottom_color_hover:#686868;\" target=\"_self\" href=\"#\" data-toggle=\"modal\" data-target=\".fusion-modal.cta_gen_y\"><span class=\"fusion-button-text awb-button__text awb-button__text--default\">OBTENIR LE RAPPORT<\/span><\/a><\/div>\n<\/div>\n<\/div><\/div><\/div><div class=\"fusion-panel panel-default panel-589c2f8ed110f57d4 fusion-toggle-has-divider\" style=\"--awb-title-color:#999999;--awb-content-color:#4a4e57;\"><div class=\"panel-heading\"><h4 class=\"panel-title toggle\" id=\"toggle_589c2f8ed110f57d4\"><a aria-expanded=\"false\" aria-controls=\"589c2f8ed110f57d4\" role=\"button\" data-toggle=\"collapse\" data-parent=\"#accordion-10380-1\" data-target=\"#589c2f8ed110f57d4\" href=\"#589c2f8ed110f57d4\"><span class=\"fusion-toggle-icon-wrapper\" aria-hidden=\"true\"><i class=\"fa-fusion-box active-icon awb-icon-minus\" aria-hidden=\"true\"><\/i><i class=\"fa-fusion-box inactive-icon awb-icon-plus\" aria-hidden=\"true\"><\/i><\/span><span class=\"fusion-toggle-heading\">AFRICA LIFE<\/span><\/a><\/h4><\/div><div id=\"589c2f8ed110f57d4\" class=\"panel-collapse collapse \" aria-labelledby=\"toggle_589c2f8ed110f57d4\"><div class=\"panel-body toggle-content fusion-clearfix\">\n<div style=\"margin-top: 10px; margin-bottom: 40px;\">\n<p>Africa Life est une \u00e9tude r\u00e9alis\u00e9e par le r\u00e9seau Kantar permettant de comprendre les derni\u00e8res tendances en Afrique. Cette \u00e9tude nous permet de comprendre le consommateurs africains, leurs priorit\u00e9s, leurs attentes et leurs aspirations, ainsi que la dynamique de consommation dans plusieurs cat\u00e9gories cl\u00e9s. Pour cette \u00e9dition, Kantar a r\u00e9alis\u00e9 cette \u00e9tude dans 6 principaux pays subsahariens : le Cameroun, la C\u00f4te d&rsquo;Ivoire, le S\u00e9n\u00e9gal, le Ghana, le Nig\u00e9ria et le Kenya. 800 enqu\u00eates ont \u00e9t\u00e9 r\u00e9alis\u00e9s dans chaque pays et 1200 au Nig\u00e9ria uniquement.<\/p>\n<div class=\"fusion-button-wrapper\"><a class=\"fusion-button button-flat fusion-button-default-size button-default fusion-button-default button-2 fusion-button-default-span fusion-button-default-type\" target=\"_self\" href=\"#footer_contact\"><span class=\"fusion-button-text awb-button__text awb-button__text--default\">PLUS D&rsquo;INFORMATIONS<\/span><\/a><\/div>\n<\/div>\n<\/div><\/div><\/div><div class=\"fusion-panel panel-default panel-fc0a78b97e1b8bb5c fusion-toggle-has-divider\" style=\"--awb-title-color:#999999;--awb-content-color:#4a4e57;\"><div class=\"panel-heading\"><h4 class=\"panel-title toggle\" id=\"toggle_fc0a78b97e1b8bb5c\"><a aria-expanded=\"false\" aria-controls=\"fc0a78b97e1b8bb5c\" role=\"button\" data-toggle=\"collapse\" data-parent=\"#accordion-10380-1\" data-target=\"#fc0a78b97e1b8bb5c\" href=\"#fc0a78b97e1b8bb5c\"><span class=\"fusion-toggle-icon-wrapper\" aria-hidden=\"true\"><i class=\"fa-fusion-box active-icon awb-icon-minus\" aria-hidden=\"true\"><\/i><i class=\"fa-fusion-box inactive-icon awb-icon-plus\" aria-hidden=\"true\"><\/i><\/span><span class=\"fusion-toggle-heading\">GEN Z<\/span><\/a><\/h4><\/div><div id=\"fc0a78b97e1b8bb5c\" class=\"panel-collapse collapse \" aria-labelledby=\"toggle_fc0a78b97e1b8bb5c\"><div class=\"panel-body toggle-content fusion-clearfix\">\n<p>L&rsquo;\u00e9tude GENZ est mise \u00e0 jour chaque 3 ans. Elle permet d&rsquo;obtenir une compr\u00e9hension qualitative et quantitative de la g\u00e9n\u00e9ration ag\u00e9e de moins de 25 ans.<\/p>\n<\/div><\/div><\/div><\/div><\/div><div class=\"fusion-modal modal fade modal-1 cta_life_indian_ocean\" tabindex=\"-1\" role=\"dialog\" aria-labelledby=\"modal-heading-1\" aria-hidden=\"true\" style=\"--awb-border-color:#ebebeb;--awb-background:#f6f6f6;\"><div class=\"modal-dialog modal-lg\" role=\"document\"><div class=\"modal-content fusion-modal-content\"><div class=\"modal-header\"><button class=\"close\" type=\"button\" data-dismiss=\"modal\" aria-hidden=\"true\" aria-label=\"Close\">&times;<\/button><h3 class=\"modal-title\" id=\"modal-heading-1\" data-dismiss=\"modal\" aria-hidden=\"true\">Life Indian Ocean - Get the insights<\/h3><\/div><div class=\"modal-body fusion-clearfix\">\n[caldera_form id=\u00a0\u00bbCF5e9bfcea1886e\u00a0\u00bb]\n<\/div><\/div><\/div><\/div><div class=\"fusion-modal modal fade modal-2 cta_gen_y\" tabindex=\"-1\" role=\"dialog\" aria-labelledby=\"modal-heading-2\" aria-hidden=\"true\" style=\"--awb-border-color:#ebebeb;--awb-background:#f6f6f6;\"><div class=\"modal-dialog modal-lg\" role=\"document\"><div class=\"modal-content fusion-modal-content\"><div class=\"modal-header\"><button class=\"close\" type=\"button\" data-dismiss=\"modal\" aria-hidden=\"true\" aria-label=\"Close\">&times;<\/button><h3 class=\"modal-title\" id=\"modal-heading-2\" data-dismiss=\"modal\" aria-hidden=\"true\">Millennials (Gen Y) - Demandez le rapport<\/h3><\/div><div class=\"modal-body fusion-clearfix\">\n[caldera_form id=\u00a0\u00bbCF5e9bfdda6c05b\u00a0\u00bb]\n<\/div><\/div><\/div><\/div><div class=\"fusion-modal modal fade modal-3 cta_cci_report\" tabindex=\"-1\" role=\"dialog\" aria-labelledby=\"modal-heading-3\" aria-hidden=\"true\" style=\"--awb-border-color:#ebebeb;--awb-background:#f6f6f6;\"><div class=\"modal-dialog modal-lg\" role=\"document\"><div class=\"modal-content fusion-modal-content\"><div class=\"modal-header\"><button class=\"close\" type=\"button\" data-dismiss=\"modal\" aria-hidden=\"true\" aria-label=\"Close\">&times;<\/button><h3 class=\"modal-title\" id=\"modal-heading-3\" data-dismiss=\"modal\" aria-hidden=\"true\">Consumer Confidence Index - Get the Report<\/h3><\/div><div class=\"modal-body fusion-clearfix\">\n[caldera_form id=\u00a0\u00bbCF5e8eb9d028fa6&Prime;]\n<\/div><\/div><\/div><\/div><div class=\"fusion-clearfix\"><\/div><\/div><\/div><\/div><\/div><div class=\"fusion-fullwidth fullwidth-box fusion-builder-row-3 nonhundred-percent-fullwidth non-hundred-percent-height-scrolling\" style=\"--awb-border-radius-top-left:0px;--awb-border-radius-top-right:0px;--awb-border-radius-bottom-right:0px;--awb-border-radius-bottom-left:0px;--awb-padding-top:21px;--awb-background-color:#e8e8e8;--awb-flex-wrap:wrap;\" id=\"footer_contact\" ><div class=\"fusion-builder-row fusion-row\"><div class=\"fusion-layout-column fusion_builder_column fusion-builder-column-3 fusion_builder_column_1_6 1_6 fusion-one-sixth fusion-column-first\" style=\"--awb-bg-size:cover;width:16.666666666667%;width:calc(16.666666666667% - ( ( 4% + 4% ) * 0.16666666666667 ) );margin-right: 4%;\"><div class=\"fusion-column-wrapper fusion-column-has-shadow fusion-flex-column-wrapper-legacy\"><div class=\"fusion-clearfix\"><\/div><\/div><\/div><div class=\"fusion-layout-column fusion_builder_column fusion-builder-column-4 fusion_builder_column_2_3 2_3 fusion-two-third\" style=\"--awb-bg-size:cover;width:66.666666666667%;width:calc(66.666666666667% - ( ( 4% + 4% ) * 0.66666666666667 ) );margin-right: 4%;\"><div class=\"fusion-column-wrapper fusion-column-has-shadow fusion-flex-column-wrapper-legacy\"><div class=\"fusion-title title fusion-title-3 fusion-sep-none fusion-title-center fusion-title-text fusion-title-size-four\" style=\"--awb-margin-top:20px;--awb-margin-bottom:40px;--awb-margin-top-small:0px;--awb-margin-right-small:0px;--awb-margin-bottom-small:0px;--awb-margin-left-small:0px;\"><h4 class=\"fusion-title-heading title-heading-center fusion-responsive-typography-calculated\" style=\"margin:0;--fontSize:28;line-height:1.36;\"><p style=\"text-align: center;\">Pour en savoir plus, contactez-nous.<\/p><\/h4><\/div><iframe frameborder=\"0\" style=\"height:500px;width:99%;border:none;\" data-src='https:\/\/forms.zohopublic.com\/analysishouse\/form\/KantarDemandedinformationRequestofinformation\/formperma\/SdCb4TMw1_huLAhUlFkYRRUNhHWEp2pRfZKn1ZU2arw' src=\"data:image\/svg+xml;base64,PHN2ZyB3aWR0aD0iMSIgaGVpZ2h0PSIxIiB4bWxucz0iaHR0cDovL3d3dy53My5vcmcvMjAwMC9zdmciPjwvc3ZnPg==\" class=\"lazyload\" data-load-mode=\"1\"><\/iframe><div class=\"fusion-clearfix\"><\/div><\/div><\/div><div class=\"fusion-layout-column fusion_builder_column fusion-builder-column-5 fusion_builder_column_1_6 1_6 fusion-one-sixth fusion-column-last\" style=\"--awb-bg-size:cover;width:16.666666666667%;width:calc(16.666666666667% - ( ( 4% + 4% ) * 0.16666666666667 ) );\"><div class=\"fusion-column-wrapper fusion-column-has-shadow fusion-flex-column-wrapper-legacy\"><div class=\"fusion-clearfix\"><\/div><\/div><\/div><\/div><\/div>\n<\/p>\n","protected":false},"excerpt":{"rendered":"","protected":false},"author":1,"featured_media":0,"parent":0,"menu_order":0,"comment_status":"closed","ping_status":"closed","template":"100-width.php","meta":{"footnotes":""},"class_list":["post-10380","page","type-page","status-publish","hentry"],"_links":{"self":[{"href":"https:\/\/www.analysis.ms\/fr\/wp-json\/wp\/v2\/pages\/10380","targetHints":{"allow":["GET"]}}],"collection":[{"href":"https:\/\/www.analysis.ms\/fr\/wp-json\/wp\/v2\/pages"}],"about":[{"href":"https:\/\/www.analysis.ms\/fr\/wp-json\/wp\/v2\/types\/page"}],"author":[{"embeddable":true,"href":"https:\/\/www.analysis.ms\/fr\/wp-json\/wp\/v2\/users\/1"}],"replies":[{"embeddable":true,"href":"https:\/\/www.analysis.ms\/fr\/wp-json\/wp\/v2\/comments?post=10380"}],"version-history":[{"count":6,"href":"https:\/\/www.analysis.ms\/fr\/wp-json\/wp\/v2\/pages\/10380\/revisions"}],"predecessor-version":[{"id":29097,"href":"https:\/\/www.analysis.ms\/fr\/wp-json\/wp\/v2\/pages\/10380\/revisions\/29097"}],"wp:attachment":[{"href":"https:\/\/www.analysis.ms\/fr\/wp-json\/wp\/v2\/media?parent=10380"}],"curies":[{"name":"wp","href":"https:\/\/api.w.org\/{rel}","templated":true}]}}